{"id":673,"date":"2019-05-28T14:50:21","date_gmt":"2019-05-28T12:50:21","guid":{"rendered":"http:\/\/elternwerkstatt-hamburg.de\/ewh-test\/?page_id=673"},"modified":"2025-08-20T10:46:50","modified_gmt":"2025-08-20T08:46:50","slug":"673-2","status":"publish","type":"page","link":"https:\/\/staging.elternwerkstatt-hamburg.de\/?page_id=673","title":{"rendered":"Sexualberatung"},"content":{"rendered":"<p>[av_fullscreen size=&#8217;extra_large&#8216; image_attachment=&#8220; animation=&#8217;slide&#8216; conditional_play=&#8220; autoplay=&#8217;false&#8216; interval=&#8217;5&#8242; control_layout=&#8217;av-control-default&#8216; scroll_down=&#8217;aviaTBscroll_down&#8216; av_uid=&#8217;av-jw7jhn7e&#8216;]<br \/>\n[av_fullscreen_slide slide_type=&#8217;image&#8216; id=&#8217;539&#8242; position=&#8217;center center&#8216; video=&#8217;http:\/\/&#8216; mobile_image=&#8220; fallback_link=&#8217;http:\/\/&#8216; video_cover=&#8220; title=&#8217;Sexualberatung&#8216; custom_title_size=&#8217;80&#8216; custom_content_size=&#8217;30&#8216; caption_pos=&#8217;caption_right&#8216; link_apply=&#8217;image&#8216; link=&#8217;page,673&#8242; link_target=&#8220; button_label=&#8217;Click me&#8216; button_color=&#8217;light&#8216; link1=&#8217;manually,http:\/\/&#8216; link_target1=&#8220; button_label2=&#8217;Click me&#8216; button_color2=&#8217;light&#8216; link2=&#8217;manually,http:\/\/&#8216; link_target2=&#8220; font_color=&#8220; custom_title=&#8220; custom_content=&#8220; overlay_opacity=&#8217;0.5&#8242; overlay_color=&#8220; overlay_pattern=&#8220; overlay_custom_pattern=&#8220; av-medium-font-size-title=&#8220; av-small-font-size-title=&#8220; av-mini-font-size-title=&#8220; av-medium-font-size=&#8220; av-small-font-size=&#8220; av-mini-font-size=&#8220; av_uid=&#8217;av-x5f5&#8242; video_controls=&#8220; video_mute=&#8220; video_loop=&#8220; video_autoplay=&#8220; overlay_enable=&#8220;]<br \/>\nF\u00fcr Sie und f\u00fcr Sie als Paar<br \/>\n[\/av_fullscreen_slide]<br \/>\n[\/av_fullscreen]<\/p>\n<p>[av_codeblock wrapper_element=&#8220; wrapper_element_attributes=&#8220; codeblock_type=&#8220; av_uid=&#8217;av-lvl0ze24&#8242;]<br \/>\n<a style=\"position: fixed; z-index: 20000; top: 180px; right: 0; display: block; text-align: center; opacity: 0.85; background-color: #107aca; color: #ffffff; font-size: 14px; overflow: hidden; width: 100px; border-radius: 4px 0 0 4px; text-decoration: none; padding: 10px; line-height: 1.4;\" href=\"https:\/\/www.doctolib.de\/heilpraktiker-fur-psychotherapie\/hamburg\/kerstin-erl-hegel\" target=\"_blank\" rel=\"noopener noreferrer\"><span style=\"font-size: 14px;\">Termin<br \/>\nonline buchen<\/span><img decoding=\"async\" style=\"height: 15px; margin-top: 10px; vertical-align: middle; width: auto;\" src=\"https:\/\/www.doctolib.de\/external_button\/doctolib-white-transparent.png\" alt=\"Doctolib\" \/><\/a><br \/>\n[\/av_codeblock]<\/p>\n<p>[av_one_full first min_height=&#8220; vertical_alignment=&#8220; space=&#8220; custom_margin=&#8220; margin=&#8217;0px&#8216; row_boxshadow=&#8220; row_boxshadow_color=&#8220; row_boxshadow_width=&#8217;10&#8216; link=&#8220; linktarget=&#8220; link_hover=&#8220; padding=&#8217;0px&#8216; highlight=&#8220; highlight_size=&#8220; border=&#8220; border_color=&#8220; radius=&#8217;0px&#8216; column_boxshadow=&#8220; column_boxshadow_color=&#8220; column_boxshadow_width=&#8217;10&#8216; background=&#8217;bg_color&#8216; background_color=&#8220; background_gradient_color1=&#8220; background_gradient_color2=&#8220; background_gradient_direction=&#8217;vertical&#8216; src=&#8220; background_position=&#8217;top left&#8216; background_repeat=&#8217;no-repeat&#8216; animation=&#8220; mobile_breaking=&#8220; mobile_display=&#8220; av_uid=&#8217;av-9pl8g&#8216;]<br \/>\n[av_textblock size=&#8217;35&#8216; font_color=&#8220; color=&#8220; av-medium-font-size=&#8220; av-small-font-size=&#8220; av-mini-font-size=&#8220; av_uid=&#8217;av-jw7jvcng&#8216; admin_preview_bg=&#8220;]<br \/>\n<strong>Sex, \u00fcberall steht und begegnet uns das Thema \u201eSex\u201c. Aber was wissen wir wirklich \u00fcber unsere Sexualit\u00e4t, \u00fcber unseren K\u00f6rper? Schamgef\u00fchl hindert uns h\u00e4ufig, \u00fcber unsere W\u00fcnsche und \u00c4ngste zu sprechen. Und auch, uns dar\u00fcber klar zu werden, wie wir zu unserer Sexualit\u00e4t und unseren Sehns\u00fcchten stehen. Die Bilder, die vermitteln, wie Sex \u201erichtig\u201c geht, sind allgegenw\u00e4rtig \u2013 und erzeugen Druck. Dabei ist sexuelle Zufriedenheit so individuell wie jede und jeder einzelne von uns. Finden Sie Ihren Weg. Ob allein oder als Paar.<\/strong><\/p>\n<p><strong>Ich m\u00f6chte Sie einladen: Trauen Sie sich und fragen Sie.\u00a0<\/strong><br \/>\n[\/av_textblock]<br \/>\n[\/av_one_full]<\/p>\n<p>[av_section min_height=&#8220; min_height_px=&#8217;500px&#8216; padding=&#8217;huge&#8216; shadow=&#8217;no-border-styling&#8216; bottom_border=&#8217;no-border-styling&#8216; id=&#8220; color=&#8217;main_color&#8216; custom_bg=&#8220; src=&#8220; attachment=&#8220; attachment_size=&#8220; attach=&#8217;scroll&#8216; position=&#8217;bottom right&#8216; repeat=&#8217;no-repeat&#8216; video=&#8220; video_ratio=&#8217;16:9&#8242; overlay_opacity=&#8217;0.5&#8242; overlay_color=&#8220; overlay_pattern=&#8220; overlay_custom_pattern=&#8220; av_uid=&#8217;av-4kh739&#8242;]<br \/>\n[av_one_full first min_height=&#8220; vertical_alignment=&#8220; space=&#8220; custom_margin=&#8220; margin=&#8217;0px&#8216; row_boxshadow=&#8220; row_boxshadow_color=&#8220; row_boxshadow_width=&#8217;10&#8216; link=&#8220; linktarget=&#8220; link_hover=&#8220; padding=&#8217;0px&#8216; highlight=&#8220; highlight_size=&#8220; border=&#8220; border_color=&#8220; radius=&#8217;0px&#8216; column_boxshadow=&#8220; column_boxshadow_color=&#8220; column_boxshadow_width=&#8217;10&#8216; background=&#8217;bg_color&#8216; background_color=&#8220; background_gradient_color1=&#8220; background_gradient_color2=&#8220; background_gradient_direction=&#8217;vertical&#8216; src=&#8220; background_position=&#8217;top left&#8216; background_repeat=&#8217;no-repeat&#8216; animation=&#8220; mobile_breaking=&#8220; mobile_display=&#8220; av_uid=&#8217;av-dx0lg&#8216;]<\/p>\n<p>[av_textblock size=&#8217;30&#8216; font_color=&#8220; color=&#8220; av-medium-font-size=&#8220; av-small-font-size=&#8220; av-mini-font-size=&#8220; av_uid=&#8217;av-jtpu7yod&#8216; admin_preview_bg=&#8220;]<br \/>\n<b>Sexualberatung ist hilfreich bei:<\/b><\/p>\n<ul>\n<li>Sexueller Lustlosigkeit<span class=\"Apple-converted-space\">\u00a0<\/span><\/li>\n<li>Abnehmendem sexuellen Begehren in Langzeitbeziehungen oder\u00a0bei Lebensumbr\u00fcchen, nach der Geburt eines Kindes oder durch Krankheit<\/li>\n<li>Versagens\u00e4ngsten<\/li>\n<li>Erregungs- und Orgasmusschwierigkeiten<\/li>\n<li>Unterschiedlichen Bed\u00fcrfnissen und Vorlieben der Partner<\/li>\n<li>W\u00fcnschen und Phantasien, die nicht angesprochen werden k\u00f6nnen<\/li>\n<li>Schwierigkeiten mit der eigenen Sexualit\u00e4t<\/li>\n<li>Schmerzen beim Geschlechtsverkehr und Vaginismus<\/li>\n<li>Vorzeitigem Samenerguss<\/li>\n<li>Sexuellen Aussenbeziehungen<\/li>\n<\/ul>\n<p><b>Hilfreich bei sexuellen St\u00f6rungen kann es sein, einen Facharzt aufzusuchen um k\u00f6rperliche Ursachen medizinisch auszuschlie\u00dfen oder sie behandeln zu lassen.<\/b><\/p>\n<p>Beratung kann dann dennoch auch begleitend zur medizinischen Behandlung sinnvoll sein.<br \/>\n[\/av_textblock]<\/p>\n<p>[\/av_one_full]<br \/>\n[\/av_section]<\/p>\n<p>[av_section min_height=&#8220; min_height_px=&#8217;500px&#8216; padding=&#8217;small&#8216; shadow=&#8217;no-border-styling&#8216; bottom_border=&#8217;no-border-styling&#8216; bottom_border_diagonal_color=&#8217;#333333&#8242; bottom_border_diagonal_direction=&#8220; bottom_border_style=&#8220; custom_margin=&#8217;0px&#8216; custom_margin_sync=&#8217;true&#8216; custom_arrow_bg=&#8220; id=&#8220; color=&#8217;alternate_color&#8216; background=&#8217;bg_color&#8216; custom_bg=&#8217;#000000&#8242; background_gradient_color1=&#8220; background_gradient_color2=&#8220; background_gradient_direction=&#8217;vertical&#8216; src=&#8220; attachment=&#8220; attachment_size=&#8220; attach=&#8217;fixed&#8216; position=&#8217;center center&#8216; repeat=&#8217;stretch&#8216; video=&#8220; video_ratio=&#8217;16:9&#8242; overlay_enable=&#8217;aviaTBoverlay_enable&#8216; overlay_opacity=&#8217;0.8&#8242; overlay_color=&#8217;#000000&#8242; overlay_pattern=&#8220; overlay_custom_pattern=&#8220; av_element_hidden_in_editor=&#8217;0&#8242; av_uid=&#8217;av-1fw7if&#8216;]<\/p>\n<p>[av_one_full first min_height=&#8220; vertical_alignment=&#8220; space=&#8220; custom_margin=&#8220; margin=&#8217;0px&#8216; padding=&#8217;0px&#8216; border=&#8220; border_color=&#8220; radius=&#8217;0px&#8216; background_color=&#8220; src=&#8220; background_position=&#8217;top left&#8216; background_repeat=&#8217;no-repeat&#8216; animation=&#8220; mobile_display=&#8220; av_uid=&#8217;av-12scmn&#8216;]<\/p>\n<p>[av_heading heading=&#8217;Kontakt&#8216; tag=&#8217;h1&#8242; link_apply=&#8220; link=&#8217;manually,http:\/\/&#8216; link_target=&#8220; style=&#8217;blockquote modern-quote modern-centered&#8216; size=&#8217;50&#8216; subheading_active=&#8220; subheading_size=&#8217;15&#8216; margin=&#8220; padding=&#8217;20&#8216; color=&#8217;custom-color-heading&#8216; custom_font=&#8217;#f7f7f7&#8242; custom_class=&#8220; admin_preview_bg=&#8220; av-desktop-hide=&#8220; av-medium-hide=&#8220; av-small-hide=&#8220; av-mini-hide=&#8220; av-medium-font-size-title=&#8220; av-small-font-size-title=&#8220; av-mini-font-size-title=&#8220; av-medium-font-size=&#8220; av-small-font-size=&#8220; av-mini-font-size=&#8220;][\/av_heading]<\/p>\n<p>[av_textblock size=&#8220; font_color=&#8220; color=&#8220; av-medium-font-size=&#8220; av-small-font-size=&#8220; av-mini-font-size=&#8220; av_uid=&#8217;av-r2fl3&#8242; admin_preview_bg=&#8220;]<\/p>\n<p style=\"text-align: center;\">Elternwerkstatt-Hamburg<br \/>\nKerstin Erl-Hegel<br \/>\nKirchentwiete 29 a<br \/>\n22765 Hamburg<br \/>\nTelefon: 0171 45 93 95 3<\/p>\n<p style=\"text-align: center;\">Ich freue mich sehr mit Ihnen ins Gespr\u00e4ch zu kommen. Gerne k\u00f6nnen Sie mir eine Nachricht mit Ihrem Namen und Ihrer Telefonnummer hinterlassen, ich rufe Sie schnellstm\u00f6glich zur\u00fcck. Oder Sie schicken mir eine Mail, das Kontaktformular finden Sie direkt unter dem Text im Button.<\/p>\n<p>[\/av_textblock]<\/p>\n<p>[av_hr class=&#8217;invisible&#8216; height=&#8217;20&#8216; shadow=&#8217;no-shadow&#8216; position=&#8217;center&#8216; custom_border=&#8217;av-border-thin&#8216; custom_width=&#8217;50px&#8216; custom_border_color=&#8220; custom_margin_top=&#8217;30px&#8216; custom_margin_bottom=&#8217;30px&#8216; icon_select=&#8217;yes&#8216; custom_icon_color=&#8220; icon=&#8217;ue808&#8242; font=&#8217;entypo-fontello&#8216; av_uid=&#8217;av-jwvzb&#8216;]<\/p>\n<p>[av_button label=&#8217;Kontakt&#8216; link=&#8217;page,255&#8242; link_target=&#8220; size=&#8217;large&#8216; position=&#8217;center&#8216; label_display=&#8220; icon_select=&#8217;yes-right-icon&#8216; icon_hover=&#8217;aviaTBicon_hover&#8216; icon=&#8217;ue879&#8242; font=&#8217;entypo-fontello&#8216; color=&#8217;light&#8216; custom_bg=&#8217;#444444&#8242; custom_font=&#8217;#ffffff&#8216; av_uid=&#8217;av-cr1kn&#8216; admin_preview_bg=&#8220;]<\/p>\n<p>[\/av_one_full][\/av_section]<\/p>\n","protected":false},"excerpt":{"rendered":"<p>[av_fullscreen size=&#8217;extra_large&#8216; image_attachment=&#8220; animation=&#8217;slide&#8216; conditional_play=&#8220; autoplay=&#8217;false&#8216; interval=&#8217;5&#8242; control_layout=&#8217;av-control-default&#8216; scroll_down=&#8217;aviaTBscroll_down&#8216; av_uid=&#8217;av-jw7jhn7e&#8216;] [av_fullscreen_slide slide_type=&#8217;image&#8216; id=&#8217;539&#8242; position=&#8217;center center&#8216; video=&#8217;http:\/\/&#8216; mobile_image=&#8220; fallback_link=&#8217;http:\/\/&#8216; video_cover=&#8220; title=&#8217;Sexualberatung&#8216; custom_title_size=&#8217;80&#8216; custom_content_size=&#8217;30&#8216; caption_pos=&#8217;caption_right&#8216; link_apply=&#8217;image&#8216; link=&#8217;page,673&#8242; link_target=&#8220; button_label=&#8217;Click me&#8216; button_color=&#8217;light&#8216; link1=&#8217;manually,http:\/\/&#8216; link_target1=&#8220; button_label2=&#8217;Click me&#8216; button_color2=&#8217;light&#8216; link2=&#8217;manually,http:\/\/&#8216; link_target2=&#8220; font_color=&#8220; custom_title=&#8220; custom_content=&#8220; overlay_opacity=&#8217;0.5&#8242; overlay_color=&#8220; overlay_pattern=&#8220; overlay_custom_pattern=&#8220; av-medium-font-size-title=&#8220; av-small-font-size-title=&#8220; av-mini-font-size-title=&#8220; av-medium-font-size=&#8220; av-small-font-size=&#8220; av-mini-font-size=&#8220; av_uid=&#8217;av-x5f5&#8242; video_controls=&#8220; video_mute=&#8220; video_loop=&#8220; video_autoplay=&#8220; overlay_enable=&#8220;] [&hellip;]<\/p>\n","protected":false},"author":1,"featured_media":0,"parent":257,"menu_order":3,"comment_status":"closed","ping_status":"closed","template":"","meta":{"_et_pb_use_builder":"","_et_pb_old_content":"","_et_gb_content_width":"","footnotes":""},"class_list":["post-673","page","type-page","status-publish","hentry"],"_links":{"self":[{"href":"https:\/\/staging.elternwerkstatt-hamburg.de\/index.php?rest_route=\/wp\/v2\/pages\/673","targetHints":{"allow":["GET"]}}],"collection":[{"href":"https:\/\/staging.elternwerkstatt-hamburg.de\/index.php?rest_route=\/wp\/v2\/pages"}],"about":[{"href":"https:\/\/staging.elternwerkstatt-hamburg.de\/index.php?rest_route=\/wp\/v2\/types\/page"}],"author":[{"embeddable":true,"href":"https:\/\/staging.elternwerkstatt-hamburg.de\/index.php?rest_route=\/wp\/v2\/users\/1"}],"replies":[{"embeddable":true,"href":"https:\/\/staging.elternwerkstatt-hamburg.de\/index.php?rest_route=%2Fwp%2Fv2%2Fcomments&post=673"}],"version-history":[{"count":19,"href":"https:\/\/staging.elternwerkstatt-hamburg.de\/index.php?rest_route=\/wp\/v2\/pages\/673\/revisions"}],"predecessor-version":[{"id":1759,"href":"https:\/\/staging.elternwerkstatt-hamburg.de\/index.php?rest_route=\/wp\/v2\/pages\/673\/revisions\/1759"}],"up":[{"embeddable":true,"href":"https:\/\/staging.elternwerkstatt-hamburg.de\/index.php?rest_route=\/wp\/v2\/pages\/257"}],"wp:attachment":[{"href":"https:\/\/staging.elternwerkstatt-hamburg.de\/index.php?rest_route=%2Fwp%2Fv2%2Fmedia&parent=673"}],"curies":[{"name":"wp","href":"https:\/\/api.w.org\/{rel}","templated":true}]}}