{"id":475,"date":"2019-03-26T16:15:20","date_gmt":"2019-03-26T15:15:20","guid":{"rendered":"http:\/\/elternwerkstatt-hamburg.de\/ewh-test\/?page_id=475"},"modified":"2026-02-26T12:34:55","modified_gmt":"2026-02-26T11:34:55","slug":"aktuelle-angebote","status":"publish","type":"page","link":"https:\/\/staging.elternwerkstatt-hamburg.de\/?page_id=475","title":{"rendered":"Aktuelle Angebote"},"content":{"rendered":"<p>[av_fullscreen size=&#8217;extra_large&#8216; image_attachment=&#8220; animation=&#8217;slide&#8216; conditional_play=&#8220; autoplay=&#8217;false&#8216; interval=&#8217;5&#8242; control_layout=&#8217;av-control-default&#8216; scroll_down=&#8217;aviaTBscroll_down&#8216; av_uid=&#8217;av-jw7jhn7e&#8216;]<br \/>\n[av_fullscreen_slide slide_type=&#8217;image&#8216; id=&#8217;767&#8242; position=&#8217;center center&#8216; video=&#8217;http:\/\/&#8216; mobile_image=&#8220; fallback_link=&#8217;http:\/\/&#8216; video_cover=&#8220; title=&#8217;Aktuelle Angebote&#8216; custom_title_size=&#8217;80&#8216; custom_content_size=&#8217;30&#8216; caption_pos=&#8217;caption_right&#8216; link_apply=&#8220; link=&#8217;lightbox&#8216; link_target=&#8220; button_label=&#8217;Click me&#8216; button_color=&#8217;light&#8216; link1=&#8217;manually,http:\/\/&#8216; link_target1=&#8220; button_label2=&#8217;Click me&#8216; button_color2=&#8217;light&#8216; link2=&#8217;manually,http:\/\/&#8216; link_target2=&#8220; font_color=&#8220; custom_title=&#8220; custom_content=&#8220; overlay_opacity=&#8217;0.5&#8242; overlay_color=&#8220; overlay_pattern=&#8220; overlay_custom_pattern=&#8220; av-medium-font-size-title=&#8220; av-small-font-size-title=&#8220; av-mini-font-size-title=&#8220; av-medium-font-size=&#8220; av-small-font-size=&#8220; av-mini-font-size=&#8220; av_uid=&#8217;av-r7v23&#8242; video_controls=&#8220; video_mute=&#8220; video_loop=&#8220; video_autoplay=&#8220; overlay_enable=&#8220;][\/av_fullscreen_slide]<br \/>\n[\/av_fullscreen]<\/p>\n<p>[av_codeblock wrapper_element=&#8220; wrapper_element_attributes=&#8220; codeblock_type=&#8220; av_uid=&#8217;av-lvl12qvb&#8216;]<br \/>\n<a style=\"position: fixed; z-index: 20000; top: 180px; right: 0; display: block; text-align: center; opacity: 0.85; background-color: #107aca; color: #ffffff; font-size: 14px; overflow: hidden; width: 100px; border-radius: 4px 0 0 4px; text-decoration: none; padding: 10px; line-height: 1.4;\" href=\"https:\/\/www.doctolib.de\/heilpraktiker-fur-psychotherapie\/hamburg\/kerstin-erl-hegel\" target=\"_blank\" rel=\"noopener noreferrer\"><span style=\"font-size: 14px;\">Termin<br \/>\nonline buchen<\/span><img decoding=\"async\" style=\"height: 15px; margin-top: 10px; vertical-align: middle; width: auto;\" src=\"https:\/\/www.doctolib.de\/external_button\/doctolib-white-transparent.png\" alt=\"Doctolib\" \/><\/a><br \/>\n[\/av_codeblock]<\/p>\n<p>[av_heading heading=&#8217;Gruppenangebote&#8216; tag=&#8217;h1&#8242; link_apply=&#8220; link=&#8217;manually,http:\/\/&#8216; link_target=&#8220; style=&#8217;blockquote modern-quote&#8216; size=&#8217;70&#8216; subheading_active=&#8220; subheading_size=&#8217;15&#8216; margin=&#8220; padding=&#8217;30&#8216; color=&#8220; custom_font=&#8220; custom_class=&#8220; admin_preview_bg=&#8220; av-desktop-hide=&#8220; av-medium-hide=&#8220; av-small-hide=&#8220; av-mini-hide=&#8220; av-medium-font-size-title=&#8220; av-small-font-size-title=&#8220; av-mini-font-size-title=&#8220; av-medium-font-size=&#8220; av-small-font-size=&#8220; av-mini-font-size=&#8220;][\/av_heading]<\/p>\n<p>[av_toggle_container initial=&#8217;0&#8242; mode=&#8217;accordion&#8216; sort=&#8220; styling=&#8220; colors=&#8220; font_color=&#8220; background_color=&#8220; border_color=&#8220; hover_colors=&#8220; hover_background_color=&#8220; hover_font_color=&#8220; colors_current=&#8220; font_color_current=&#8220; background_current=&#8220; background_color_current=&#8220; background_gradient_current_color1=&#8220; background_gradient_current_color2=&#8220; background_gradient_current_direction=&#8217;vertical&#8216; av_uid=&#8217;av-l2rmxeo0&#8242;]<br \/>\n[av_toggle title=&#8217;Elternwerkstatt &#8211; Pubert\u00e4t&#8216; tags=&#8220; av_uid=&#8217;av-mrspn&#8216;]<\/p>\n<h1><b>Elternwerkstatt \u2013 Pubert\u00e4t:\u00a0Regelm\u00e4\u00dfige Begleitung w\u00e4hrend der Pubert\u00e4t<\/b><\/h1>\n<p>Dies ist eine Gruppe, die sich einmal im Monat trifft und alle Themen rund um die Pubert\u00e4t, die Sie als Eltern besch\u00e4ftigen, aufgreift. Diese Gruppe kann, soll und darf Sie als St\u00e4rkung und Informationspool \u00fcber mehrere Jahre begleiten.<br \/>\n[\/av_toggle]<br \/>\n[av_toggle title=&#8217;Starke Eltern &#8211; Starke Kinder&#8216; tags=&#8220;]<\/p>\n<h1><b>Starke Eltern \u2013 Starke Kinder\u00ae Kurse\u00a0<\/b><\/h1>\n<h2><b>Deutscher Kinderschutzbund Hamburg<br \/>\n<\/b><\/h2>\n<h2>\u201eMehr Freude weniger Stress mit Kindern\u201c \u2013\u00a0entwickelt vom Deutschen Kinderschutzbund<\/h2>\n<div>Regelm\u00e4\u00dfige Angebote f\u00fcr Eltern mit Kindern von 0-10 Jahren und f\u00fcr Eltern mit Kindern in der Pubert\u00e4t.<\/div>\n<div><\/div>\n<div>Weitere Informationen entnehmen Sie bitte unseren Flyern <a href=\"https:\/\/staging.elternwerkstatt-hamburg.de\/wp-content\/uploads\/2026\/02\/SESK-Schanze-20261-Flyer-neu.pdf\" target=\"_blank\" rel=\"noopener\">hier.<\/a><\/div>\n<div><\/div>\n<p>[\/av_toggle]<br \/>\n[av_toggle title=&#8217;Wo steh ich und wohin geh ich?&#8216; tags=&#8220; av_uid=&#8217;av-wtwz7&#8242;]<\/p>\n<h1><b>Wo steh ich und wohin geh ich?\u00a0<\/b><\/h1>\n<h2>Coaching f\u00fcr Frauen ab 47<\/h2>\n<p>Weitere Informationen folgen.<br \/>\n[\/av_toggle]<br \/>\n[av_toggle title=&#8217;Wurzeln und Fl\u00fcgel&#8216; tags=&#8220; av_uid=&#8217;av-tklzf&#8216;]<\/p>\n<h2><b>Wurzeln und Fl\u00fcgel: die Heimat im Gep\u00e4ck<\/b><b style=\"font-size: 16px;\">\u00a0<\/b><\/h2>\n<h3>Das Woher und das Wohin psychodramatisch beleuchtet<\/h3>\n<p>Weitere Informationen folgen.<br \/>\n[\/av_toggle]<br \/>\n[av_toggle title=&#8217;Frauentage an der Nordsee&#8216; tags=&#8220; av_uid=&#8217;av-l0bzn&#8216;]<\/p>\n<h1><b>Frauentage an der Nordsee in Neuharlingersiel\u00a0<\/b><\/h1>\n<h3>Entspannt, gest\u00e4rkt, erw\u00e4rmt, bereit f\u00fcr Neues. Liebe, Beziehung, (Selbst-)Verantwortung, Sexualit\u00e4t.<\/h3>\n<p>Weitere Informationen finden Sie <a href=\"https:\/\/staging.elternwerkstatt-hamburg.de\/wp-content\/uploads\/2026\/02\/2026_Frauentage_Neuharlingersiel_16.-20.09.26.pdf\" target=\"_blank\" rel=\"noopener\">hier<\/a>.<br \/>\n[\/av_toggle]<br \/>\n[av_toggle title=&#8217;Psychodrama-Methoden f\u00fcr Familienaufstellungen&#8216; tags=&#8220; av_uid=&#8217;av-nrwv7&#8242;]<\/p>\n<h2><b>Psychodrama-Methoden f\u00fcr Familienaufstellungen<\/b><b style=\"font-size: 16px;\">\u00a0<\/b><\/h2>\n<h3>Wenn Familien sich ver\u00e4ndern: Abschied &#8211; Ver\u00e4nderung &#8211; Neuanfang<\/h3>\n<p>Weitere Informationen entnehmen Sie bitte unserem <a href=\"https:\/\/staging.elternwerkstatt-hamburg.de\/wp-content\/uploads\/2025\/02\/2025-09-05-PD-Methoden-fuer-Familienaufstellungen-Hamburg-Ref.pdf\" target=\"_blank\" rel=\"noopener\">hier<\/a>.<br \/>\n[\/av_toggle]<br \/>\n[\/av_toggle_container]<\/p>\n<p>[av_hr class=&#8217;invisible&#8216; height=&#8217;50&#8216; shadow=&#8217;no-shadow&#8216; position=&#8217;center&#8216; custom_border=&#8217;av-border-thin&#8216; custom_width=&#8217;50px&#8216; custom_border_color=&#8220; custom_margin_top=&#8217;30px&#8216; custom_margin_bottom=&#8217;30px&#8216; icon_select=&#8217;yes&#8216; custom_icon_color=&#8220; icon=&#8217;ue808&#8242; font=&#8217;entypo-fontello&#8216; av_uid=&#8217;av-l2rp1tvb&#8216; admin_preview_bg=&#8220;]<\/p>\n<p>[av_heading heading=&#8217;Vortr\u00e4ge&#8216; tag=&#8217;h1&#8242; link_apply=&#8220; link=&#8217;manually,http:\/\/&#8216; link_target=&#8220; style=&#8217;blockquote modern-quote&#8216; size=&#8217;70&#8216; subheading_active=&#8220; subheading_size=&#8217;15&#8216; margin=&#8220; padding=&#8217;30&#8216; color=&#8220; custom_font=&#8220; custom_class=&#8220; admin_preview_bg=&#8220; av-desktop-hide=&#8220; av-medium-hide=&#8220; av-small-hide=&#8220; av-mini-hide=&#8220; av-medium-font-size-title=&#8220; av-small-font-size-title=&#8220; av-mini-font-size-title=&#8220; av-medium-font-size=&#8220; av-small-font-size=&#8220; av-mini-font-size=&#8220;][\/av_heading]<\/p>\n<p>[av_toggle_container initial=&#8217;0&#8242; mode=&#8217;accordion&#8216; sort=&#8220; styling=&#8220; colors=&#8220; font_color=&#8220; background_color=&#8220; border_color=&#8220; hover_colors=&#8220; hover_background_color=&#8220; hover_font_color=&#8220; colors_current=&#8220; font_color_current=&#8220; background_current=&#8220; background_color_current=&#8220; background_gradient_current_color1=&#8220; background_gradient_current_color2=&#8220; background_gradient_current_direction=&#8217;vertical&#8216; av_uid=&#8217;av-l2rp3ny2&#8242;]<br \/>\n[av_toggle title=&#8217;Vortr\u00e4ge f\u00fcr Eltern \u2013 \u201cEy, chill mal!\u201c \u2013 die Pubert\u00e4t&#8216; tags=&#8220; av_uid=&#8217;av-pnuur&#8216;]<\/p>\n<h2><b>Vortr\u00e4ge f\u00fcr Eltern \u2013 ein Angebot etwa f\u00fcr Schulen<\/b><\/h2>\n<h2><b>\u201cEy, chill mal!\u201c \u2013 die Pubert\u00e4t<\/b><\/h2>\n<p>W\u00e4hrend der Pubert\u00e4t kann die Familie zum Epizentrum werden: Gebr\u00fcll, T\u00fcrenknallen, leise und laute Tr\u00e4nen, Unsicherheit und Ohnmacht. Kurz, die Pubert\u00e4t ist eine Herausforderung f\u00fcr alle Beteiligten.<\/p>\n<p>Um dieser Herausforderung gelassener zu begegnen, erl\u00e4utere ich den biologischen Einfluss auf das Hirn und den K\u00f6rper und lege die daraus entstehenden Entwicklungsaufgaben f\u00fcr Kinder und Eltern dar. Wir erarbeiten welche Grenzen jetzt wichtig sind und kl\u00e4ren, welche Art der Kommunikation sinnvoll ist und wie Eltern auch in dieser Zeit in gutem Kontakt mit ihren Kindern bleiben.<br \/>\n[\/av_toggle]<br \/>\n[av_toggle title=&#8217;Vortr\u00e4ge f\u00fcr Eltern \u2013 Grenzen, immer wieder Stress f\u00fcr alle&#8216; tags=&#8220; av_uid=&#8217;av-kzv0j&#8216;]<\/p>\n<h2><b>Vortr\u00e4ge f\u00fcr Eltern \u2013 ein Angebot etwa f\u00fcr Schulen<\/b><\/h2>\n<h2><b>Grenzen \u2013 immer wieder Stress f\u00fcr alle<\/b><\/h2>\n<p>Grenzen sind das Hauptthema in der Erziehung. Und bei vielen von uns sieht der Alltag mit Kindern anders aus, als das, was wir uns ausgemalt haben: Gebr\u00fcll und blanke Nerven, wir verbieten, wo wir nicht verbieten wollen und denken: \u201eDie Kinder h\u00f6ren ja eh nicht und machen, was sie wollen!\u201c<\/p>\n<p>An diesem Termin m\u00f6chte ich Ihnen Anregungen geben, wie eine gute Grenzsetzung gelingen kann und wie Sie\u00a0auch in Konfliktsituationen mit Ihrem Kind in Beziehung bleiben.<br \/>\n[\/av_toggle]<br \/>\n[av_toggle title=&#8217;Vortr\u00e4ge f\u00fcr Eltern \u2013 Eltern sein \u2013 Paar bleiben&#8216; tags=&#8220; av_uid=&#8217;av-eo8kj&#8216;]<\/p>\n<h2><b>Vortr\u00e4ge f\u00fcr Eltern \u2013 ein Angebot etwa f\u00fcr Schulen<\/b><\/h2>\n<h2><b>Eltern sein \u2013 Paar bleiben. <\/b><b>Ein gro\u00dfe Herausforderung, in Zeiten von Corona umso mehr<\/b><\/h2>\n<p>Eine gute Beziehung zu f\u00fchren, insbesondere, wenn Kinder da sind, ist eine echte Herausforderung. Vor allem im Moment, da Corona selbst ge\u00fcbte Paare vor besondere Aufgaben stellt. R\u00e4umlich eng beieinander, wenig Kontakt mit anderen, Homeoffice, keine kinderfreie Zeit, Kurzarbeit, Sorgen &#8230;\u00a0\u00a0Da ist die Frage berechtigt:\u00a0\u00a0Wo bleiben wir eigentlich als Paar?\u00a0Wann haben wir mal Zeit f\u00fcr uns, f\u00fcr gute Gespr\u00e4che, um gemeinsam zu tr\u00e4umen und einfach, um Verbundenheit zu f\u00fchlen.<\/p>\n<p>Ich, Kerstin Erl-Hegel, Paartherapeutin und Erziehungsberaterin, m\u00f6chte Ihnen in diesem Webinar Anregungen und Impulse f\u00fcr Ihre Beziehung geben \u2013 gerade in diesen Tagen<br \/>\n[\/av_toggle]<br \/>\n[\/av_toggle_container]<\/p>\n<p>[av_hr class=&#8217;invisible&#8216; height=&#8217;50&#8216; shadow=&#8217;no-shadow&#8216; position=&#8217;center&#8216; custom_border=&#8217;av-border-thin&#8216; custom_width=&#8217;50px&#8216; custom_border_color=&#8220; custom_margin_top=&#8217;30px&#8216; custom_margin_bottom=&#8217;30px&#8216; icon_select=&#8217;yes&#8216; custom_icon_color=&#8220; icon=&#8217;ue808&#8242; font=&#8217;entypo-fontello&#8216; av_uid=&#8217;av-l2rp1tvb&#8216; admin_preview_bg=&#8220;]<\/p>\n<p>[av_heading heading=&#8217;Fortbildungen f\u00fcr Fachkr\u00e4fte&#8216; tag=&#8217;h1&#8242; link_apply=&#8220; link=&#8217;manually,http:\/\/&#8216; link_target=&#8220; style=&#8217;blockquote modern-quote&#8216; size=&#8217;70&#8216; subheading_active=&#8220; subheading_size=&#8217;15&#8216; margin=&#8220; padding=&#8217;30&#8216; color=&#8220; custom_font=&#8220; custom_class=&#8220; admin_preview_bg=&#8220; av-desktop-hide=&#8220; av-medium-hide=&#8220; av-small-hide=&#8220; av-mini-hide=&#8220; av-medium-font-size-title=&#8220; av-small-font-size-title=&#8220; av-mini-font-size-title=&#8220; av-medium-font-size=&#8220; av-small-font-size=&#8220; av-mini-font-size=&#8220;][\/av_heading]<\/p>\n<p>[av_toggle_container initial=&#8217;0&#8242; mode=&#8217;accordion&#8216; sort=&#8220; styling=&#8220; colors=&#8220; font_color=&#8220; background_color=&#8220; border_color=&#8220; hover_colors=&#8220; hover_background_color=&#8220; hover_font_color=&#8220; colors_current=&#8220; font_color_current=&#8220; background_current=&#8220; background_color_current=&#8220; background_gradient_current_color1=&#8220; background_gradient_current_color2=&#8220; background_gradient_current_direction=&#8217;vertical&#8216; av_uid=&#8217;av-l2rp4vqd&#8216;]<br \/>\n[av_toggle title=&#8217;Fit in, durch und nach der Krise&#8216; tags=&#8220; av_uid=&#8217;av-ncwqr&#8216;]<\/p>\n<h2><b>Fit in, durch und nach der Krise<br \/>\n<\/b><\/h2>\n<h3><b>Praxisreflexion &amp; Psychodramatische Techniken\u00a0<\/b><b>f\u00fcr die Arbeit mit Kindern, Jugendlichen und Familien<\/b><\/h3>\n<h3><b>Online<\/b><\/h3>\n<p>Kerstin Erl-Hegel und Andrea Meents<\/p>\n<p>Die Arbeit mit Familien fordert einen als Berater*in\/ Therapeut*in t\u00e4glich- wir m\u00f6chten Ihnen gerne Anregungen f\u00fcr die Beratung von Kindern, Jugendlichen und Familien geben und auch zeigen wie frisch und lebendig Onlineberatung sein kann. Die Methode des Psychodramas ist daf\u00fcr eine Schatztruhe!<br \/>\n[\/av_toggle]<br \/>\n[av_toggle title=&#8217;Methoden &#8211; Wie erreichen wir Eltern im Beratungskontext&#8216; tags=&#8220; av_uid=&#8217;av-9uk97&#8242;]<\/p>\n<h2><b>Methoden<\/b><\/h2>\n<h2><b>Moreno Institut Edenkoben \u00dcberlingen<\/b><\/h2>\n<h2><b>Wie erreichen wir Eltern im Beratungskontext &#8211; wirkungsvoll und nachhaltig<\/b><\/h2>\n<h2><b>Psychodramamethoden f\u00fcr die Arbeit mit Eltern &#8211; in der Einzel- und Gruppenarbeit<\/b><\/h2>\n<p>Elternarbeit ist komplexer und schwieriger geworden. Der Wandel von Rollenbildern, Patchworkkonstellationen, Digitalisierung und Migrationshintergr\u00fcnde stellen neue Herausforderungen.<br \/>\nWie k\u00f6nnen wir, als Fachkr\u00e4fte Eltern unterst\u00fctzen, sie aus dem Ohnmachtsgef\u00fchl holen und die Beziehung zu ihren Kindern st\u00e4rken?<br \/>\nDas Psychodrama bietet eine Vielfalt an niederschwelligen, spielerischen, und humorvollen Methoden mit denen Sie, als Beraterin und Berater, Eltern emotional erreichen und den Beratungsprozess fokussiert voranbringen k\u00f6nnen.<span class=\"Apple-converted-space\"><br \/>\n<\/span>Eltern k\u00f6nnen mit diesen psychodramatischen Techniken Rollenverhalten erleben, die Situation ihrer Kinder besser verstehen und festgefahrene Verhaltensweisen ver\u00e4ndern.<\/p>\n<h2><b>Inhalte<\/b><\/h2>\n<p>In diesem Seminar k\u00f6nnen Sie ihren \u201eHandwerkskoffer\u201c vergr\u00f6\u00dfern. Vorgestellt und ge\u00fcbt werden u.a. folgende Methoden: Soziometrie, Symbolarbeit, Rolleninterview, \u201eder Zauberladen\u201c und szenisches Spiel. Insbesondere Kolleginnen und Kollegen, die mit heterogenen und multikulturellen Gruppen arbeiten, profitieren von den vorgestellten Werkzeugen.<br \/>\n[\/av_toggle]<br \/>\n[av_toggle title=&#8217;Schnupperkurs Psychodrama f\u00fcr alle Interessierten&#8216; tags=&#8220; av_uid=&#8217;av-9x9h7&#8242;]<\/p>\n<h2><b>Schnupperkurs Psychodrama f\u00fcr alle Interessierten<\/b><\/h2>\n<h3>Ein Angebot: Lebendig und kreativ an pers\u00f6nlichen oder beruflichen Themen arbeiten mit szenisch-systemischen Methoden.<\/h3>\n<p>Weitere Informationen entnehmen Sie bitte unserem <a href=\"https:\/\/staging.elternwerkstatt-hamburg.de\/wp-content\/uploads\/2022\/10\/2023_03_17_Schnupperkurs-Psychodrama-Refe-renten-PDF24.pdf\">Flyer<\/a>.<br \/>\n[\/av_toggle]<br \/>\n[av_toggle title=&#8217;Psychodrama in der sozialen Arbeit&#8216; tags=&#8220; av_uid=&#8217;av-81x3f&#8216;]<\/p>\n<h2>Psychodrama in der sozialen Arbeit<\/h2>\n<h3>Mehr Methodenvielfalt f\u00fcr den Arbeitsalltag &#8211; f\u00fcr verschiedene Arbeitsetting<\/h3>\n<p>Weitere Informationen entnehmen Sie bitte unserem <a href=\"https:\/\/staging.elternwerkstatt-hamburg.de\/wp-content\/uploads\/2022\/10\/2023_02_03_PD-Soziale-Arbeit-Online.pdf\">Flyer<\/a>.<br \/>\n[\/av_toggle]<br \/>\n[av_toggle title=&#8217;Sommerakademie 2026&#8242; tags=&#8220; av_uid=&#8217;av-gb797&#8242;]<br \/>\nWeitere Informationen entnehmen Sie bitte unserem <a href=\"https:\/\/staging.elternwerkstatt-hamburg.de\/wp-content\/uploads\/2025\/08\/2026_Sommerakademie_Reichenau_01.-05.08.26.pdf\" target=\"_blank\" rel=\"noopener\">Flyer<\/a>.<br \/>\n[\/av_toggle]<br \/>\n[av_toggle title=&#8217;Paar- und Familientherapie 2026&#8242; tags=&#8220; av_uid=&#8217;av-7epg3&#8242;]<br \/>\nWeitere Informationen entnehmen Sie bitte unserem <a href=\"https:\/\/staging.elternwerkstatt-hamburg.de\/wp-content\/uploads\/2025\/08\/2026-03-13_Paar-Familentherapie_Hamburg_2026-gesamt-kRef.pdf\" target=\"_blank\" rel=\"noopener\">Flyer.<\/a><br \/>\n[\/av_toggle]<br \/>\n[av_toggle title=&#8217;Kinder-Monodrama Techniken&#8216; tags=&#8220; av_uid=&#8217;av-9r6cb&#8216;]<\/p>\n<h2><b>St\u00f6rungsspezifische Kinder-Monodrama-Techniken<\/b><b style=\"font-size: 16px;\">\u00a0<\/b><\/h2>\n<h3>f\u00fcr Therapie und Beratung<\/h3>\n<p>Weitere Informationen entnehmen Sie bitte unserem\u00a0<a href=\"https:\/\/staging.elternwerkstatt-hamburg.de\/wp-content\/uploads\/2025\/08\/2026_Stoerungsspezifische_Kinder_Monodrama_Techniken_ONLINE_03.03.2026.pdf\" target=\"_blank\" rel=\"noopener\">Flyer<\/a>.<br \/>\n[\/av_toggle]<br \/>\n[\/av_toggle_container]<\/p>\n<p>[av_hr class=&#8217;invisible&#8216; height=&#8217;50&#8216; shadow=&#8217;no-shadow&#8216; position=&#8217;center&#8216; custom_border=&#8217;av-border-thin&#8216; custom_width=&#8217;50px&#8216; custom_border_color=&#8220; custom_margin_top=&#8217;30px&#8216; custom_margin_bottom=&#8217;30px&#8216; icon_select=&#8217;yes&#8216; custom_icon_color=&#8220; icon=&#8217;ue808&#8242; font=&#8217;entypo-fontello&#8216; av_uid=&#8217;av-l2rp1tvb&#8216; admin_preview_bg=&#8220;]<\/p>\n<p>[av_section min_height=&#8220; min_height_px=&#8217;500px&#8216; padding=&#8217;small&#8216; shadow=&#8217;no-border-styling&#8216; bottom_border=&#8217;no-border-styling&#8216; bottom_border_diagonal_color=&#8217;#333333&#8242; bottom_border_diagonal_direction=&#8220; bottom_border_style=&#8220; custom_margin=&#8217;0px&#8216; custom_margin_sync=&#8217;true&#8216; custom_arrow_bg=&#8220; id=&#8220; color=&#8217;alternate_color&#8216; background=&#8217;bg_color&#8216; custom_bg=&#8217;#000000&#8242; background_gradient_color1=&#8220; background_gradient_color2=&#8220; background_gradient_direction=&#8217;vertical&#8216; src=&#8220; attachment=&#8220; attachment_size=&#8220; attach=&#8217;fixed&#8216; position=&#8217;center center&#8216; repeat=&#8217;stretch&#8216; video=&#8220; video_ratio=&#8217;16:9&#8242; overlay_enable=&#8217;aviaTBoverlay_enable&#8216; overlay_opacity=&#8217;0.8&#8242; overlay_color=&#8217;#000000&#8242; overlay_pattern=&#8220; overlay_custom_pattern=&#8220; av_element_hidden_in_editor=&#8217;0&#8242; av_uid=&#8217;av-1fw7if&#8216;]<br \/>\n[av_one_full first min_height=&#8220; vertical_alignment=&#8220; space=&#8220; custom_margin=&#8220; margin=&#8217;0px&#8216; padding=&#8217;0px&#8216; border=&#8220; border_color=&#8220; radius=&#8217;0px&#8216; background_color=&#8220; src=&#8220; background_position=&#8217;top left&#8216; background_repeat=&#8217;no-repeat&#8216; animation=&#8220; mobile_display=&#8220; av_uid=&#8217;av-12scmn&#8216;]<\/p>\n<p>[av_heading heading=&#8217;Kontakt&#8216; tag=&#8217;h1&#8242; link_apply=&#8220; link=&#8217;manually,http:\/\/&#8216; link_target=&#8220; style=&#8217;blockquote modern-quote modern-centered&#8216; size=&#8217;50&#8216; subheading_active=&#8220; subheading_size=&#8217;15&#8216; margin=&#8220; padding=&#8217;20&#8216; color=&#8217;custom-color-heading&#8216; custom_font=&#8217;#f7f7f7&#8242; custom_class=&#8220; admin_preview_bg=&#8220; av-desktop-hide=&#8220; av-medium-hide=&#8220; av-small-hide=&#8220; av-mini-hide=&#8220; av-medium-font-size-title=&#8220; av-small-font-size-title=&#8220; av-mini-font-size-title=&#8220; av-medium-font-size=&#8220; av-small-font-size=&#8220; av-mini-font-size=&#8220; av_uid=&#8217;av-a5cdf&#8216;][\/av_heading]<\/p>\n<p>[av_textblock size=&#8220; font_color=&#8220; color=&#8220; av-medium-font-size=&#8220; av-small-font-size=&#8220; av-mini-font-size=&#8220; av_uid=&#8217;av-r2fl3&#8242; admin_preview_bg=&#8220;]<\/p>\n<p style=\"text-align: center;\">Elternwerkstatt-Hamburg<br \/>\nKerstin Erl-Hegel<br \/>\nKirchentwiete 29 a<br \/>\n22765 Hamburg<br \/>\nTelefon: 0171 45 93 95 3<\/p>\n<p style=\"text-align: center;\">Ich freue mich sehr mit Ihnen ins Gespr\u00e4ch zu kommen. Gerne k\u00f6nnen Sie mir eine Nachricht mit Ihrem Namen und Ihrer Telefonnummer hinterlassen, ich rufe Sie schnellstm\u00f6glich zur\u00fcck. Oder Sie schicken mir eine Mail, das Kontaktformular finden Sie direkt unter dem Text im Button.<\/p>\n<p>[\/av_textblock]<\/p>\n<p>[av_hr class=&#8217;invisible&#8216; height=&#8217;20&#8216; shadow=&#8217;no-shadow&#8216; position=&#8217;center&#8216; custom_border=&#8217;av-border-thin&#8216; custom_width=&#8217;50px&#8216; custom_border_color=&#8220; custom_margin_top=&#8217;30px&#8216; custom_margin_bottom=&#8217;30px&#8216; icon_select=&#8217;yes&#8216; custom_icon_color=&#8220; icon=&#8217;ue808&#8242; font=&#8217;entypo-fontello&#8216; av_uid=&#8217;av-jwvzb&#8216;]<\/p>\n<p>[av_button label=&#8217;Kontakt&#8216; link=&#8217;page,255&#8242; link_target=&#8220; size=&#8217;large&#8216; position=&#8217;center&#8216; label_display=&#8220; icon_select=&#8217;yes-right-icon&#8216; icon_hover=&#8217;aviaTBicon_hover&#8216; icon=&#8217;ue879&#8242; font=&#8217;entypo-fontello&#8216; color=&#8217;light&#8216; custom_bg=&#8217;#444444&#8242; custom_font=&#8217;#ffffff&#8216; av_uid=&#8217;av-cr1kn&#8216; admin_preview_bg=&#8220;]<\/p>\n<p>[\/av_one_full]<br \/>\n[\/av_section]<\/p>\n","protected":false},"excerpt":{"rendered":"<p>[av_fullscreen size=&#8217;extra_large&#8216; image_attachment=&#8220; animation=&#8217;slide&#8216; conditional_play=&#8220; autoplay=&#8217;false&#8216; interval=&#8217;5&#8242; control_layout=&#8217;av-control-default&#8216; scroll_down=&#8217;aviaTBscroll_down&#8216; av_uid=&#8217;av-jw7jhn7e&#8216;] [av_fullscreen_slide slide_type=&#8217;image&#8216; id=&#8217;767&#8242; position=&#8217;center center&#8216; video=&#8217;http:\/\/&#8216; mobile_image=&#8220; fallback_link=&#8217;http:\/\/&#8216; video_cover=&#8220; title=&#8217;Aktuelle Angebote&#8216; custom_title_size=&#8217;80&#8216; custom_content_size=&#8217;30&#8216; caption_pos=&#8217;caption_right&#8216; link_apply=&#8220; link=&#8217;lightbox&#8216; link_target=&#8220; button_label=&#8217;Click me&#8216; button_color=&#8217;light&#8216; link1=&#8217;manually,http:\/\/&#8216; link_target1=&#8220; button_label2=&#8217;Click me&#8216; button_color2=&#8217;light&#8216; link2=&#8217;manually,http:\/\/&#8216; link_target2=&#8220; font_color=&#8220; custom_title=&#8220; custom_content=&#8220; overlay_opacity=&#8217;0.5&#8242; overlay_color=&#8220; overlay_pattern=&#8220; overlay_custom_pattern=&#8220; av-medium-font-size-title=&#8220; av-small-font-size-title=&#8220; av-mini-font-size-title=&#8220; av-medium-font-size=&#8220; av-small-font-size=&#8220; av-mini-font-size=&#8220; av_uid=&#8217;av-r7v23&#8242; video_controls=&#8220; video_mute=&#8220; video_loop=&#8220; video_autoplay=&#8220; [&hellip;]<\/p>\n","protected":false},"author":1,"featured_media":0,"parent":257,"menu_order":5,"comment_status":"closed","ping_status":"closed","template":"","meta":{"_et_pb_use_builder":"","_et_pb_old_content":"","_et_gb_content_width":"","footnotes":""},"class_list":["post-475","page","type-page","status-publish","hentry"],"_links":{"self":[{"href":"https:\/\/staging.elternwerkstatt-hamburg.de\/index.php?rest_route=\/wp\/v2\/pages\/475","targetHints":{"allow":["GET"]}}],"collection":[{"href":"https:\/\/staging.elternwerkstatt-hamburg.de\/index.php?rest_route=\/wp\/v2\/pages"}],"about":[{"href":"https:\/\/staging.elternwerkstatt-hamburg.de\/index.php?rest_route=\/wp\/v2\/types\/page"}],"author":[{"embeddable":true,"href":"https:\/\/staging.elternwerkstatt-hamburg.de\/index.php?rest_route=\/wp\/v2\/users\/1"}],"replies":[{"embeddable":true,"href":"https:\/\/staging.elternwerkstatt-hamburg.de\/index.php?rest_route=%2Fwp%2Fv2%2Fcomments&post=475"}],"version-history":[{"count":176,"href":"https:\/\/staging.elternwerkstatt-hamburg.de\/index.php?rest_route=\/wp\/v2\/pages\/475\/revisions"}],"predecessor-version":[{"id":1771,"href":"https:\/\/staging.elternwerkstatt-hamburg.de\/index.php?rest_route=\/wp\/v2\/pages\/475\/revisions\/1771"}],"up":[{"embeddable":true,"href":"https:\/\/staging.elternwerkstatt-hamburg.de\/index.php?rest_route=\/wp\/v2\/pages\/257"}],"wp:attachment":[{"href":"https:\/\/staging.elternwerkstatt-hamburg.de\/index.php?rest_route=%2Fwp%2Fv2%2Fmedia&parent=475"}],"curies":[{"name":"wp","href":"https:\/\/api.w.org\/{rel}","templated":true}]}}