{"id":464,"date":"2019-03-26T15:54:07","date_gmt":"2019-03-26T14:54:07","guid":{"rendered":"http:\/\/elternwerkstatt-hamburg.de\/ewh-test\/?page_id=464"},"modified":"2025-08-20T10:45:56","modified_gmt":"2025-08-20T08:45:56","slug":"erziehungsberatung","status":"publish","type":"page","link":"https:\/\/staging.elternwerkstatt-hamburg.de\/?page_id=464","title":{"rendered":"Erziehungsberatung\/Familientherapie"},"content":{"rendered":"<p>[av_fullscreen size=&#8217;extra_large&#8216; image_attachment=&#8220; animation=&#8217;slide&#8216; conditional_play=&#8220; autoplay=&#8217;false&#8216; interval=&#8217;5&#8242; control_layout=&#8217;av-control-default&#8216; scroll_down=&#8217;aviaTBscroll_down&#8216; av_uid=&#8217;av-jw7jhn7e&#8216;]<br \/>\n[av_fullscreen_slide slide_type=&#8217;image&#8216; id=&#8217;917&#8242; position=&#8217;center center&#8216; video=&#8217;http:\/\/&#8216; mobile_image=&#8220; fallback_link=&#8217;http:\/\/&#8216; video_cover=&#8220; title=&#8217;Erziehungsberatung\/Familientherapie&#8216; custom_title_size=&#8217;80&#8216; custom_content_size=&#8217;30&#8216; caption_pos=&#8217;caption_right&#8216; link_apply=&#8220; link=&#8217;lightbox&#8216; link_target=&#8220; button_label=&#8217;Click me&#8216; button_color=&#8217;light&#8216; link1=&#8217;manually,http:\/\/&#8216; link_target1=&#8220; button_label2=&#8217;Click me&#8216; button_color2=&#8217;light&#8216; link2=&#8217;manually,http:\/\/&#8216; link_target2=&#8220; font_color=&#8220; custom_title=&#8220; custom_content=&#8220; overlay_opacity=&#8217;0.5&#8242; overlay_color=&#8220; overlay_pattern=&#8220; overlay_custom_pattern=&#8220; av-medium-font-size-title=&#8220; av-small-font-size-title=&#8220; av-mini-font-size-title=&#8220; av-medium-font-size=&#8220; av-small-font-size=&#8220; av-mini-font-size=&#8220; av_uid=&#8217;av-87nvk&#8216;]<br \/>\nStillen, Trotzphase, Pubert\u00e4t und dazwischen<br \/>\n[\/av_fullscreen_slide]<br \/>\n[\/av_fullscreen]<\/p>\n<p>[av_one_full first min_height=&#8220; vertical_alignment=&#8217;av-align-top&#8216; space=&#8220; margin=&#8217;0px&#8216; margin_sync=&#8217;true&#8216; row_boxshadow_color=&#8220; row_boxshadow_width=&#8217;10&#8216; link=&#8220; linktarget=&#8220; link_hover=&#8220; padding=&#8217;0px&#8216; padding_sync=&#8217;true&#8216; highlight_size=&#8217;1.1&#8242; border=&#8220; border_color=&#8220; radius=&#8217;0px&#8216; radius_sync=&#8217;true&#8216; column_boxshadow_color=&#8220; column_boxshadow_width=&#8217;10&#8216; background=&#8217;bg_color&#8216; background_color=&#8220; background_gradient_color1=&#8220; background_gradient_color2=&#8220; background_gradient_direction=&#8217;vertical&#8216; src=&#8220; attachment=&#8220; attachment_size=&#8220; background_position=&#8217;top left&#8216; background_repeat=&#8217;no-repeat&#8216; animation=&#8220; mobile_breaking=&#8220; mobile_display=&#8220; av_uid=&#8217;av-9pl8g&#8216;]<br \/>\n[av_textblock size=&#8217;35&#8216; font_color=&#8220; color=&#8220; av-medium-font-size=&#8220; av-small-font-size=&#8220; av-mini-font-size=&#8220; av_uid=&#8217;av-jw7jvcng&#8216; admin_preview_bg=&#8220;]<\/p>\n<p style=\"text-align: left;\"><strong>Das Leben mit Kindern stellt uns Eltern st\u00e4ndig vor neue Herausforderungen. Laufend stehen wir vor neuen Situationen und dadurch vor neuen Fragen. Als Eltern sind wir gefordert Regeln, Rituale und Grenzen der Entwicklung der Kinder und den Ver\u00e4nderungen innerhalb unserer Familie anzupassen.\u00a0H\u00e4ufig f\u00fchren Erziehungsfragen zu Konflikten in der Partnerschaft.<\/strong><\/p>\n<p>[\/av_textblock]<\/p>\n<p>[av_image src=&#8217;https:\/\/staging.elternwerkstatt-hamburg.de\/wp-content\/uploads\/2025\/02\/2025_zertifikat_lieferant_silber-300&#215;300.png&#8216; attachment=&#8217;1645&#8242; attachment_size=&#8217;medium&#8216; align=&#8217;left&#8216; styling=&#8220; hover=&#8220; link=&#8220; target=&#8220; caption=&#8220; font_size=&#8220; appearance=&#8220; overlay_opacity=&#8217;0.4&#8242; overlay_color=&#8217;#000000&#8242; overlay_text_color=&#8217;#ffffff&#8216; copyright=&#8220; animation=&#8217;no-animation&#8216; av_uid=&#8217;av-m78vx22h&#8216; admin_preview_bg=&#8220;][\/av_image]<br \/>\n[\/av_one_full]<\/p>\n<p>[av_section min_height=&#8220; min_height_px=&#8217;500px&#8216; padding=&#8217;huge&#8216; shadow=&#8217;no-border-styling&#8216; bottom_border=&#8217;no-border-styling&#8216; id=&#8220; color=&#8217;main_color&#8216; custom_bg=&#8220; src=&#8220; attachment=&#8220; attachment_size=&#8220; attach=&#8217;scroll&#8216; position=&#8217;bottom right&#8216; repeat=&#8217;no-repeat&#8216; video=&#8220; video_ratio=&#8217;16:9&#8242; overlay_opacity=&#8217;0.5&#8242; overlay_color=&#8220; overlay_pattern=&#8220; overlay_custom_pattern=&#8220; av_uid=&#8217;av-4kh739&#8242;]<br \/>\n[av_one_full first min_height=&#8220; vertical_alignment=&#8220; space=&#8220; custom_margin=&#8220; margin=&#8217;0px&#8216; row_boxshadow=&#8220; row_boxshadow_color=&#8220; row_boxshadow_width=&#8217;10&#8216; link=&#8220; linktarget=&#8220; link_hover=&#8220; padding=&#8217;0px&#8216; highlight=&#8220; highlight_size=&#8220; border=&#8220; border_color=&#8220; radius=&#8217;0px&#8216; column_boxshadow=&#8220; column_boxshadow_color=&#8220; column_boxshadow_width=&#8217;10&#8216; background=&#8217;bg_color&#8216; background_color=&#8220; background_gradient_color1=&#8220; background_gradient_color2=&#8220; background_gradient_direction=&#8217;vertical&#8216; src=&#8220; background_position=&#8217;top left&#8216; background_repeat=&#8217;no-repeat&#8216; animation=&#8220; mobile_breaking=&#8220; mobile_display=&#8220; av_uid=&#8217;av-dx0lg&#8216;]<\/p>\n<p>[av_textblock size=&#8217;26&#8216; font_color=&#8220; color=&#8220; av-medium-font-size=&#8220; av-small-font-size=&#8220; av-mini-font-size=&#8220; av_uid=&#8217;av-jtpu7yod&#8216; admin_preview_bg=&#8220;]<br \/>\n<b>Ich suche und finde mit Ihnen Antworten auf diese Fragen und unterst\u00fctze Sie dabei:<\/b><\/p>\n<ul>\n<li>Ihr Selbstwertgef\u00fchl als Mutter und Vater zu st\u00e4rken<\/li>\n<li>Erfolgreich angemessene Grenzen zu setzen<\/li>\n<li>Wege im Umgang mit Wut zu finden<\/li>\n<li>Eine neue, liebevolle Familienkommunikation zu finden<\/li>\n<li>Konflikte zu bew\u00e4ltigen und zu l\u00f6sen<\/li>\n<li>Die Entwicklungsphase \u201ePubert\u00e4t\u201c zu verstehen<\/li>\n<li>Eine gute Beziehung mit ihrem Kind zu f\u00fchren<\/li>\n<li>Wieder die positiven Eigenschaften Ihres Kindes zu sehen<\/li>\n<\/ul>\n<p>Schon wenige Beratungsstunden k\u00f6nnen die Familiensituation entlasten und Ihnen Anregungen f\u00fcr ungewohnte und schwierige Situationen geben \u2013 egal, wie alt ihr Kind ist.<\/p>\n<p>Meine Ausbildung als systemischer Eltern-Coach nach Haim Omer und Arist von Schlippe gibt mir die Kompetenz, Sie auch weiterf\u00fchrend etwa bei den Themen permanenter Grenz\u00fcberschreitung, Schule schw\u00e4nzen, Klauen und Kiffen beraten zu k\u00f6nnen.<\/p>\n<p>Auch kann ich Sie bei speziellen Fragestellungen wie Essst\u00f6rungen, Suchtmittelkonsum und schwerwiegenden Verhaltensauff\u00e4lligkeiten mit den passenden Einrichtungen und Beratungsstellen des Hamburger Hilfesystem vernetzen.<\/p>\n<div class=\"page\" title=\"Page 1\">\n<div class=\"layoutArea\">\n<div class=\"column\">\n<p>Vielleicht interessiert Sie der Artikel &#8222;<a href=\"http:\/\/links.springernature.com\/f\/a\/leQkJkcb4z4cMUnVBE7I3w~~\/AABE5gA~\/RgRlxiKiP0RcaHR0cHM6Ly90cmVidWNoZXQucHVibGljLnNwcmluZ2VybmF0dXJlLmFwcC9nZXRfY29udGVudC8xMGNiZTZhMy1lMWZlLTQxODItYTY5OC1jMjFkN2NjMTg4OGNXA3NwY0IKY-GineNjV4iQ-FIUYW5kcmVhLm1lZW50c0BnbXguZGVYBAAABy0~\">Die Chance einmal zu fu\u0308hlen wie mein Kind<\/a>&#8222;, den ich zu dem Thema &#8222;Der Rollenwechsel und das Rolleninterview in der Arbeit mit Eltern und Bezugspersonen&#8220; \u00a0in der Zeitschrift fu\u0308r Psychodrama und Soziometrie ver\u00f6ffentlicht habe.<\/p>\n<\/div>\n<\/div>\n<\/div>\n<p>[\/av_textblock]<\/p>\n<p>[av_heading heading=&#8217;Baby- und Kleinkindphase&#8216; tag=&#8217;h6&#8242; link_apply=&#8220; link=&#8217;manually,http:\/\/&#8216; link_target=&#8220; style=&#8217;blockquote modern-quote&#8216; size=&#8217;40&#8216; subheading_active=&#8220; subheading_size=&#8217;15&#8216; margin=&#8220; padding=&#8217;30&#8216; color=&#8220; custom_font=&#8220; custom_class=&#8220; admin_preview_bg=&#8220; av-desktop-hide=&#8220; av-medium-hide=&#8220; av-small-hide=&#8220; av-mini-hide=&#8220; av-medium-font-size-title=&#8220; av-small-font-size-title=&#8220; av-mini-font-size-title=&#8220; av-medium-font-size=&#8220; av-small-font-size=&#8220; av-mini-font-size=&#8220; av_uid=&#8217;av-kfew8&#8242;][\/av_heading]<\/p>\n<p>[av_textblock size=&#8217;26&#8216; font_color=&#8220; color=&#8220; av-medium-font-size=&#8220; av-small-font-size=&#8220; av-mini-font-size=&#8220; av_uid=&#8217;av-jtpu7yod&#8216; admin_preview_bg=&#8220;]<br \/>\n<strong>Sie sind \u00fcberm\u00fcdet und unsicher, Sie versuchen sich an ein Leben mit Kind zu gew\u00f6hnen und mit der gro\u00dfen Verantwortung klar zu kommen. Sie \u00fcberlegen:<\/strong><\/p>\n<ul>\n<li>Will ich stillen? Wann stille ich ab?<\/li>\n<li>Wie schl\u00e4ft mein Kind durch?<\/li>\n<li>Wie kann ich die Beziehung zu meinem Kind st\u00e4rken?<\/li>\n<li>Soviel Trotz \u2013 ist das gesund?<\/li>\n<li>Wie geht das Erziehen zu zweit? Wie gehe ich damit um, welche Grenzen setze ich?<\/li>\n<\/ul>\n<p>[\/av_textblock]<\/p>\n<p>[av_heading heading=&#8217;Kindergarten- und Grundschulalter&#8216; tag=&#8217;h6&#8242; link_apply=&#8220; link=&#8217;manually,http:\/\/&#8216; link_target=&#8220; style=&#8217;blockquote modern-quote&#8216; size=&#8217;40&#8216; subheading_active=&#8220; subheading_size=&#8217;15&#8216; margin=&#8220; padding=&#8217;30&#8216; color=&#8220; custom_font=&#8220; custom_class=&#8220; admin_preview_bg=&#8220; av-desktop-hide=&#8220; av-medium-hide=&#8220; av-small-hide=&#8220; av-mini-hide=&#8220; av-medium-font-size-title=&#8220; av-small-font-size-title=&#8220; av-mini-font-size-title=&#8220; av-medium-font-size=&#8220; av-small-font-size=&#8220; av-mini-font-size=&#8220; av_uid=&#8217;av-g6fy8&#8242;][\/av_heading]<\/p>\n<p>[av_textblock size=&#8217;26&#8216; font_color=&#8220; color=&#8220; av-medium-font-size=&#8220; av-small-font-size=&#8220; av-mini-font-size=&#8220; av_uid=&#8217;av-jtpu7yod&#8216; admin_preview_bg=&#8220;]<br \/>\n<strong>Sie sind besch\u00e4ftigt mit den Fragen:<\/strong><\/p>\n<ul>\n<li>Wie gelingt eine gute Eingew\u00f6hnung in der Kita?<\/li>\n<li>Was mache ich, wenn mein Kind andere schl\u00e4gt, kneift, bei\u00dft?<\/li>\n<li>Was kann mein Kind schon, wo \u00fcberfordere ich es?<\/li>\n<li>Wie sp\u00fcrt mein Kind, dass ich es liebe?<\/li>\n<li>Was fordert Schule von uns als Eltern?<\/li>\n<li>Was ist, wenn das Thema ADHS auftaucht?<\/li>\n<\/ul>\n<p>[\/av_textblock]<\/p>\n<p>[av_heading heading=&#8217;Pubert\u00e4t&#8216; tag=&#8217;h6&#8242; link_apply=&#8220; link=&#8217;manually,http:\/\/&#8216; link_target=&#8220; style=&#8217;blockquote modern-quote&#8216; size=&#8217;40&#8216; subheading_active=&#8220; subheading_size=&#8217;15&#8216; margin=&#8220; padding=&#8217;30&#8216; color=&#8220; custom_font=&#8220; custom_class=&#8220; admin_preview_bg=&#8220; av-desktop-hide=&#8220; av-medium-hide=&#8220; av-small-hide=&#8220; av-mini-hide=&#8220; av-medium-font-size-title=&#8220; av-small-font-size-title=&#8220; av-mini-font-size-title=&#8220; av-medium-font-size=&#8220; av-small-font-size=&#8220; av-mini-font-size=&#8220; av_uid=&#8217;av-7pc5k&#8216;][\/av_heading]<\/p>\n<p>[av_textblock size=&#8217;26&#8216; font_color=&#8220; color=&#8220; av-medium-font-size=&#8220; av-small-font-size=&#8220; av-mini-font-size=&#8220; av_uid=&#8217;av-jtpu7yod&#8216; admin_preview_bg=&#8220;]<br \/>\n<strong>W\u00e4hrend der Pubert\u00e4t kann die Familie zum Epizentrum werden: Gebr\u00fcll, T\u00fcren knallen, leise und laute Tr\u00e4nen, Unsicherheit und Ohnmacht.\u00a0Sie fragen sich:<\/strong><\/p>\n<ul>\n<li>Wie kann ich meinem Kind noch Grenzen setzen?<\/li>\n<li>Welche Grenzen sind wichtig?<\/li>\n<li>Mein Kind schl\u00e4gt mich. Wie gehe ich damit um?<\/li>\n<li>Wie sch\u00fctze ich mein Kind vor \u201eSex, Drugs and Rock&#8217;n Roll\u201c?<\/li>\n<li>Wieviel Freiraum ist gesund?<\/li>\n<li>Wie bleibe ich in einem guten Kontakt?<\/li>\n<li>Soll ich noch Hausaufgaben mit ihm machen?<\/li>\n<li>Hat mein Kind die falschen Freunde?<\/li>\n<li>Und das Zimmer&#8230;?<\/li>\n<li>Und das Handy \u2013 so viel Medienkonsum macht doch krank, oder?<\/li>\n<\/ul>\n<p>[\/av_textblock]<\/p>\n<p>[\/av_one_full]<br \/>\n[\/av_section]<\/p>\n<p>[av_codeblock wrapper_element=&#8220; wrapper_element_attributes=&#8220; codeblock_type=&#8220; av_uid=&#8217;av-lvl0vlik&#8216;]<br \/>\n<a style=\"position: fixed; z-index: 20000; top: 180px; right: 0; display: block; text-align: center; opacity: 0.85; background-color: #107aca; color: #ffffff; font-size: 14px; overflow: hidden; width: 100px; border-radius: 4px 0 0 4px; text-decoration: none; padding: 10px; line-height: 1.4;\" href=\"https:\/\/www.doctolib.de\/heilpraktiker-fur-psychotherapie\/hamburg\/kerstin-erl-hegel\" target=\"_blank\" rel=\"noopener noreferrer\"><span style=\"font-size: 14px;\">Termin<br \/>\nonline buchen<\/span><img decoding=\"async\" style=\"height: 15px; margin-top: 10px; vertical-align: middle; width: auto;\" src=\"https:\/\/www.doctolib.de\/external_button\/doctolib-white-transparent.png\" alt=\"Doctolib\" \/><\/a><br \/>\n[\/av_codeblock]<\/p>\n<p>[av_section min_height=&#8220; min_height_px=&#8217;500px&#8216; padding=&#8217;small&#8216; shadow=&#8217;no-border-styling&#8216; bottom_border=&#8217;no-border-styling&#8216; bottom_border_diagonal_color=&#8217;#333333&#8242; bottom_border_diagonal_direction=&#8220; bottom_border_style=&#8220; custom_margin=&#8217;0px&#8216; custom_margin_sync=&#8217;true&#8216; custom_arrow_bg=&#8220; id=&#8220; color=&#8217;alternate_color&#8216; background=&#8217;bg_color&#8216; custom_bg=&#8217;#000000&#8242; background_gradient_color1=&#8220; background_gradient_color2=&#8220; background_gradient_direction=&#8217;vertical&#8216; src=&#8220; attachment=&#8220; attachment_size=&#8220; attach=&#8217;fixed&#8216; position=&#8217;center center&#8216; repeat=&#8217;stretch&#8216; video=&#8220; video_ratio=&#8217;16:9&#8242; overlay_enable=&#8217;aviaTBoverlay_enable&#8216; overlay_opacity=&#8217;0.8&#8242; overlay_color=&#8217;#000000&#8242; overlay_pattern=&#8220; overlay_custom_pattern=&#8220; av_element_hidden_in_editor=&#8217;0&#8242; av_uid=&#8217;av-1fw7if&#8216;]<\/p>\n<p>[av_one_full first min_height=&#8220; vertical_alignment=&#8220; space=&#8220; custom_margin=&#8220; margin=&#8217;0px&#8216; padding=&#8217;0px&#8216; border=&#8220; border_color=&#8220; radius=&#8217;0px&#8216; background_color=&#8220; src=&#8220; background_position=&#8217;top left&#8216; background_repeat=&#8217;no-repeat&#8216; animation=&#8220; mobile_display=&#8220; av_uid=&#8217;av-12scmn&#8216;]<\/p>\n<p>[av_heading heading=&#8217;Kontakt&#8216; tag=&#8217;h1&#8242; link_apply=&#8220; link=&#8217;manually,http:\/\/&#8216; link_target=&#8220; style=&#8217;blockquote modern-quote modern-centered&#8216; size=&#8217;50&#8216; subheading_active=&#8220; subheading_size=&#8217;15&#8216; margin=&#8220; padding=&#8217;20&#8216; color=&#8217;custom-color-heading&#8216; custom_font=&#8217;#f7f7f7&#8242; custom_class=&#8220; admin_preview_bg=&#8220; av-desktop-hide=&#8220; av-medium-hide=&#8220; av-small-hide=&#8220; av-mini-hide=&#8220; av-medium-font-size-title=&#8220; av-small-font-size-title=&#8220; av-mini-font-size-title=&#8220; av-medium-font-size=&#8220; av-small-font-size=&#8220; av-mini-font-size=&#8220;][\/av_heading]<\/p>\n<p>[av_textblock size=&#8220; font_color=&#8220; color=&#8220; av-medium-font-size=&#8220; av-small-font-size=&#8220; av-mini-font-size=&#8220; av_uid=&#8217;av-r2fl3&#8242; admin_preview_bg=&#8220;]<\/p>\n<p style=\"text-align: center;\">Elternwerkstatt-Hamburg<br \/>\nKerstin Erl-Hegel<br \/>\nKirchentwiete 29 a<br \/>\n22765 Hamburg<br \/>\nTelefon: 0171 45 93 95 3<\/p>\n<p style=\"text-align: center;\">Ich freue mich sehr mit Ihnen ins Gespr\u00e4ch zu kommen. Gerne k\u00f6nnen Sie mir eine Nachricht mit Ihrem Namen und Ihrer Telefonnummer hinterlassen, ich rufe Sie schnellstm\u00f6glich zur\u00fcck. Oder Sie schicken mir eine Mail, das Kontaktformular finden Sie direkt unter dem Text im Button.<\/p>\n<p>[\/av_textblock]<\/p>\n<p>[av_hr class=&#8217;invisible&#8216; height=&#8217;20&#8216; shadow=&#8217;no-shadow&#8216; position=&#8217;center&#8216; custom_border=&#8217;av-border-thin&#8216; custom_width=&#8217;50px&#8216; custom_border_color=&#8220; custom_margin_top=&#8217;30px&#8216; custom_margin_bottom=&#8217;30px&#8216; icon_select=&#8217;yes&#8216; custom_icon_color=&#8220; icon=&#8217;ue808&#8242; font=&#8217;entypo-fontello&#8216; av_uid=&#8217;av-jwvzb&#8216;]<\/p>\n<p>[av_button label=&#8217;Kontakt&#8216; link=&#8217;page,255&#8242; link_target=&#8220; size=&#8217;large&#8216; position=&#8217;center&#8216; label_display=&#8220; icon_select=&#8217;yes-right-icon&#8216; icon_hover=&#8217;aviaTBicon_hover&#8216; icon=&#8217;ue879&#8242; font=&#8217;entypo-fontello&#8216; color=&#8217;light&#8216; custom_bg=&#8217;#444444&#8242; custom_font=&#8217;#ffffff&#8216; av_uid=&#8217;av-cr1kn&#8216; admin_preview_bg=&#8220;]<\/p>\n<p>[\/av_one_full][\/av_section]<\/p>\n","protected":false},"excerpt":{"rendered":"<p>[av_fullscreen size=&#8217;extra_large&#8216; image_attachment=&#8220; animation=&#8217;slide&#8216; conditional_play=&#8220; autoplay=&#8217;false&#8216; interval=&#8217;5&#8242; control_layout=&#8217;av-control-default&#8216; scroll_down=&#8217;aviaTBscroll_down&#8216; av_uid=&#8217;av-jw7jhn7e&#8216;] [av_fullscreen_slide slide_type=&#8217;image&#8216; id=&#8217;917&#8242; position=&#8217;center center&#8216; video=&#8217;http:\/\/&#8216; mobile_image=&#8220; fallback_link=&#8217;http:\/\/&#8216; video_cover=&#8220; title=&#8217;Erziehungsberatung\/Familientherapie&#8216; custom_title_size=&#8217;80&#8216; custom_content_size=&#8217;30&#8216; caption_pos=&#8217;caption_right&#8216; link_apply=&#8220; link=&#8217;lightbox&#8216; link_target=&#8220; button_label=&#8217;Click me&#8216; button_color=&#8217;light&#8216; link1=&#8217;manually,http:\/\/&#8216; link_target1=&#8220; button_label2=&#8217;Click me&#8216; button_color2=&#8217;light&#8216; link2=&#8217;manually,http:\/\/&#8216; link_target2=&#8220; font_color=&#8220; custom_title=&#8220; custom_content=&#8220; overlay_opacity=&#8217;0.5&#8242; overlay_color=&#8220; overlay_pattern=&#8220; overlay_custom_pattern=&#8220; av-medium-font-size-title=&#8220; av-small-font-size-title=&#8220; av-mini-font-size-title=&#8220; av-medium-font-size=&#8220; av-small-font-size=&#8220; av-mini-font-size=&#8220; av_uid=&#8217;av-87nvk&#8216;] Stillen, Trotzphase, Pubert\u00e4t und dazwischen [&hellip;]<\/p>\n","protected":false},"author":1,"featured_media":0,"parent":257,"menu_order":1,"comment_status":"closed","ping_status":"closed","template":"","meta":{"_et_pb_use_builder":"","_et_pb_old_content":"","_et_gb_content_width":"","footnotes":""},"class_list":["post-464","page","type-page","status-publish","hentry"],"_links":{"self":[{"href":"https:\/\/staging.elternwerkstatt-hamburg.de\/index.php?rest_route=\/wp\/v2\/pages\/464","targetHints":{"allow":["GET"]}}],"collection":[{"href":"https:\/\/staging.elternwerkstatt-hamburg.de\/index.php?rest_route=\/wp\/v2\/pages"}],"about":[{"href":"https:\/\/staging.elternwerkstatt-hamburg.de\/index.php?rest_route=\/wp\/v2\/types\/page"}],"author":[{"embeddable":true,"href":"https:\/\/staging.elternwerkstatt-hamburg.de\/index.php?rest_route=\/wp\/v2\/users\/1"}],"replies":[{"embeddable":true,"href":"https:\/\/staging.elternwerkstatt-hamburg.de\/index.php?rest_route=%2Fwp%2Fv2%2Fcomments&post=464"}],"version-history":[{"count":52,"href":"https:\/\/staging.elternwerkstatt-hamburg.de\/index.php?rest_route=\/wp\/v2\/pages\/464\/revisions"}],"predecessor-version":[{"id":1682,"href":"https:\/\/staging.elternwerkstatt-hamburg.de\/index.php?rest_route=\/wp\/v2\/pages\/464\/revisions\/1682"}],"up":[{"embeddable":true,"href":"https:\/\/staging.elternwerkstatt-hamburg.de\/index.php?rest_route=\/wp\/v2\/pages\/257"}],"wp:attachment":[{"href":"https:\/\/staging.elternwerkstatt-hamburg.de\/index.php?rest_route=%2Fwp%2Fv2%2Fmedia&parent=464"}],"curies":[{"name":"wp","href":"https:\/\/api.w.org\/{rel}","templated":true}]}}