{"id":257,"date":"2016-05-23T10:30:48","date_gmt":"2016-05-23T08:30:48","guid":{"rendered":"http:\/\/test.kriesi.at\/enfold-health-coach\/?page_id=257"},"modified":"2025-08-20T10:45:35","modified_gmt":"2025-08-20T08:45:35","slug":"services","status":"publish","type":"page","link":"https:\/\/staging.elternwerkstatt-hamburg.de\/?page_id=257","title":{"rendered":"Beratung"},"content":{"rendered":"<p>[av_one_full first min_height=&#8220; vertical_alignment=&#8217;av-align-top&#8216; space=&#8220; margin=&#8217;0px&#8216; margin_sync=&#8217;true&#8216; row_boxshadow_color=&#8220; row_boxshadow_width=&#8217;10&#8216; link=&#8220; linktarget=&#8220; link_hover=&#8220; padding=&#8217;0px&#8216; padding_sync=&#8217;true&#8216; highlight_size=&#8217;1.1&#8242; border=&#8220; border_color=&#8220; radius=&#8217;0px&#8216; radius_sync=&#8217;true&#8216; column_boxshadow_color=&#8220; column_boxshadow_width=&#8217;10&#8216; background=&#8217;bg_color&#8216; background_color=&#8217;#58d3c7&#8242; background_gradient_color1=&#8220; background_gradient_color2=&#8220; background_gradient_direction=&#8217;vertical&#8216; src=&#8220; attachment=&#8220; attachment_size=&#8220; background_position=&#8217;top left&#8216; background_repeat=&#8217;no-repeat&#8216; animation=&#8220; mobile_breaking=&#8220; mobile_display=&#8220; av_uid=&#8217;av-e1vm9&#8242;][\/av_one_full]<\/p>\n<p>[av_one_fourth first min_height=&#8220; vertical_alignment=&#8217;av-align-top&#8216; space=&#8220; margin=&#8217;0px&#8216; margin_sync=&#8217;true&#8216; row_boxshadow_color=&#8220; row_boxshadow_width=&#8217;10&#8216; link=&#8220; linktarget=&#8220; link_hover=&#8220; padding=&#8217;0px&#8216; padding_sync=&#8217;true&#8216; highlight_size=&#8217;1.1&#8242; border=&#8220; border_color=&#8220; radius=&#8217;0px&#8216; radius_sync=&#8217;true&#8216; column_boxshadow_color=&#8220; column_boxshadow_width=&#8217;10&#8216; background=&#8217;bg_color&#8216; background_color=&#8220; background_gradient_color1=&#8220; background_gradient_color2=&#8220; background_gradient_direction=&#8217;vertical&#8216; src=&#8220; attachment=&#8220; attachment_size=&#8220; background_position=&#8217;top left&#8216; background_repeat=&#8217;no-repeat&#8216; animation=&#8220; mobile_breaking=&#8220; mobile_display=&#8220; av_uid=&#8217;av-jw7o7mt6&#8242;]<br \/>\n[av_image src=&#8217;https:\/\/staging.elternwerkstatt-hamburg.de\/ewh-test\/wp-content\/uploads\/2019\/06\/Erziehungsberatung-300&#215;300.jpg&#8216; attachment=&#8217;915&#8242; attachment_size=&#8217;medium&#8216; align=&#8217;center&#8216; styling=&#8220; hover=&#8220; link=&#8217;page,464&#8242; target=&#8220; caption=&#8217;yes&#8216; font_size=&#8220; appearance=&#8220; overlay_opacity=&#8217;0.4&#8242; overlay_color=&#8217;#000000&#8242; overlay_text_color=&#8217;#ffffff&#8216; copyright=&#8220; animation=&#8217;no-animation&#8216; av_uid=&#8217;av-jw7o89wq&#8216; admin_preview_bg=&#8220;]<br \/>\nErziehungsberatung\/<br \/>\nFamilientherapie<br \/>\n[\/av_image]<br \/>\n[\/av_one_fourth]<\/p>\n<p>[av_one_fourth min_height=&#8220; vertical_alignment=&#8217;av-align-top&#8216; space=&#8220; margin=&#8217;0px&#8216; margin_sync=&#8217;true&#8216; row_boxshadow_color=&#8220; row_boxshadow_width=&#8217;10&#8216; link=&#8220; linktarget=&#8220; link_hover=&#8220; padding=&#8217;0px&#8216; padding_sync=&#8217;true&#8216; highlight_size=&#8217;1.1&#8242; border=&#8220; border_color=&#8220; radius=&#8217;0px&#8216; radius_sync=&#8217;true&#8216; column_boxshadow_color=&#8220; column_boxshadow_width=&#8217;10&#8216; background=&#8217;bg_color&#8216; background_color=&#8220; background_gradient_color1=&#8220; background_gradient_color2=&#8220; background_gradient_direction=&#8217;vertical&#8216; src=&#8220; attachment=&#8220; attachment_size=&#8220; background_position=&#8217;top left&#8216; background_repeat=&#8217;no-repeat&#8216; animation=&#8220; mobile_breaking=&#8220; mobile_display=&#8220; av_uid=&#8217;av-jw7o7mt6&#8242;]<br \/>\n[av_image src=&#8217;https:\/\/staging.elternwerkstatt-hamburg.de\/ewh-test\/wp-content\/uploads\/2019\/05\/anderbar-1-300&#215;300.jpg&#8216; attachment=&#8217;605&#8242; attachment_size=&#8217;medium&#8216; align=&#8217;center&#8216; styling=&#8220; hover=&#8220; link=&#8217;page,467&#8242; target=&#8220; caption=&#8217;yes&#8216; font_size=&#8220; appearance=&#8220; overlay_opacity=&#8217;0.4&#8242; overlay_color=&#8217;#000000&#8242; overlay_text_color=&#8217;#ffffff&#8216; copyright=&#8220; animation=&#8217;no-animation&#8216; av_uid=&#8217;av-jw7o89wq&#8216; admin_preview_bg=&#8220;]<br \/>\nPaarberatung\/<br \/>\nPaartherapie<br \/>\n[\/av_image]<br \/>\n[\/av_one_fourth]<\/p>\n<p>[av_one_fourth min_height=&#8220; vertical_alignment=&#8217;av-align-top&#8216; space=&#8220; margin=&#8217;0px&#8216; margin_sync=&#8217;true&#8216; row_boxshadow_color=&#8220; row_boxshadow_width=&#8217;10&#8216; link=&#8220; linktarget=&#8220; link_hover=&#8220; padding=&#8217;0px&#8216; padding_sync=&#8217;true&#8216; highlight_size=&#8217;1.1&#8242; border=&#8220; border_color=&#8220; radius=&#8217;0px&#8216; radius_sync=&#8217;true&#8216; column_boxshadow_color=&#8220; column_boxshadow_width=&#8217;10&#8216; background=&#8217;bg_color&#8216; background_color=&#8220; background_gradient_color1=&#8220; background_gradient_color2=&#8220; background_gradient_direction=&#8217;vertical&#8216; src=&#8220; attachment=&#8220; attachment_size=&#8220; background_position=&#8217;top left&#8216; background_repeat=&#8217;no-repeat&#8216; animation=&#8220; mobile_breaking=&#8220; mobile_display=&#8220; av_uid=&#8217;av-jw7o7mt6&#8242;]<br \/>\n[av_image src=&#8217;https:\/\/staging.elternwerkstatt-hamburg.de\/ewh-test\/wp-content\/uploads\/2019\/05\/KTMM09-5-300&#215;300.jpg&#8216; attachment=&#8217;601&#8242; attachment_size=&#8217;medium&#8216; align=&#8217;center&#8216; styling=&#8220; hover=&#8220; link=&#8217;page,673&#8242; target=&#8220; caption=&#8217;yes&#8216; font_size=&#8220; appearance=&#8220; overlay_opacity=&#8217;0.4&#8242; overlay_color=&#8217;#000000&#8242; overlay_text_color=&#8217;#ffffff&#8216; copyright=&#8220; animation=&#8217;no-animation&#8216; av_uid=&#8217;av-jw7o89wq&#8216; admin_preview_bg=&#8220;]<br \/>\nSexualberatung<br \/>\n[\/av_image]<br \/>\n[\/av_one_fourth]<\/p>\n<p>[av_one_fourth min_height=&#8220; vertical_alignment=&#8217;av-align-top&#8216; space=&#8220; margin=&#8217;0px&#8216; margin_sync=&#8217;true&#8216; row_boxshadow_color=&#8220; row_boxshadow_width=&#8217;10&#8216; link=&#8220; linktarget=&#8220; link_hover=&#8220; padding=&#8217;0px&#8216; padding_sync=&#8217;true&#8216; highlight_size=&#8217;1.1&#8242; border=&#8220; border_color=&#8220; radius=&#8217;0px&#8216; radius_sync=&#8217;true&#8216; column_boxshadow_color=&#8220; column_boxshadow_width=&#8217;10&#8216; background=&#8217;bg_color&#8216; background_color=&#8220; background_gradient_color1=&#8220; background_gradient_color2=&#8220; background_gradient_direction=&#8217;vertical&#8216; src=&#8220; attachment=&#8220; attachment_size=&#8220; background_position=&#8217;top left&#8216; background_repeat=&#8217;no-repeat&#8216; animation=&#8220; mobile_breaking=&#8220; mobile_display=&#8220; av_uid=&#8217;av-jw7o7mt6&#8242;]<br \/>\n[av_image src=&#8217;https:\/\/staging.elternwerkstatt-hamburg.de\/wp-content\/uploads\/2021\/10\/KTD_09-1-300&#215;300.jpg&#8216; attachment=&#8217;1356&#8242; attachment_size=&#8217;medium&#8216; align=&#8217;center&#8216; styling=&#8220; hover=&#8220; link=&#8217;page,1360&#8242; target=&#8220; caption=&#8217;yes&#8216; font_size=&#8220; appearance=&#8220; overlay_opacity=&#8217;0.4&#8242; overlay_color=&#8217;#000000&#8242; overlay_text_color=&#8217;#ffffff&#8216; copyright=&#8220; animation=&#8217;no-animation&#8216; av_uid=&#8217;av-jw7o89wq&#8216; admin_preview_bg=&#8220;]<br \/>\nSupervision\/<br \/>\nWeiterbildung<br \/>\n[\/av_image]<br \/>\n[\/av_one_fourth]<\/p>\n<p>[av_one_full first min_height=&#8220; vertical_alignment=&#8217;av-align-top&#8216; space=&#8220; margin=&#8217;0px&#8216; margin_sync=&#8217;true&#8216; row_boxshadow_color=&#8220; row_boxshadow_width=&#8217;10&#8216; link=&#8220; linktarget=&#8220; link_hover=&#8220; padding=&#8217;0px&#8216; padding_sync=&#8217;true&#8216; highlight_size=&#8217;1.1&#8242; border=&#8220; border_color=&#8220; radius=&#8217;0px&#8216; radius_sync=&#8217;true&#8216; column_boxshadow_color=&#8220; column_boxshadow_width=&#8217;10&#8216; background=&#8217;bg_color&#8216; background_color=&#8220; background_gradient_color1=&#8220; background_gradient_color2=&#8220; background_gradient_direction=&#8217;vertical&#8216; src=&#8220; attachment=&#8220; attachment_size=&#8220; background_position=&#8217;top left&#8216; background_repeat=&#8217;no-repeat&#8216; animation=&#8220; mobile_breaking=&#8220; mobile_display=&#8220; av_uid=&#8217;av-15hhmn&#8216;]<br \/>\n[av_textblock size=&#8217;28&#8216; font_color=&#8220; color=&#8220; av-medium-font-size=&#8220; av-small-font-size=&#8220; av-mini-font-size=&#8220; av_uid=&#8217;av-p5iyn&#8216; admin_preview_bg=&#8220;]<\/p>\n<p style=\"text-align: center;\"><strong>Unabh\u00e4ngig von individuellen Beratungs- und Therapiesitzungen biete ich auch Gruppenberatungen und Workshops an. Klicken Sie gerne unten auf den Button, um meine aktuellen Angebote zu sehen.<\/strong><\/p>\n<p>[\/av_textblock]<\/p>\n<p>[av_hr class=&#8217;invisible&#8216; height=&#8217;50&#8216; shadow=&#8217;no-shadow&#8216; position=&#8217;center&#8216; custom_border=&#8217;av-border-thin&#8216; custom_width=&#8217;50px&#8216; custom_border_color=&#8220; custom_margin_top=&#8217;30px&#8216; custom_margin_bottom=&#8217;30px&#8216; icon_select=&#8217;yes&#8216; custom_icon_color=&#8220; icon=&#8217;ue808&#8242; font=&#8217;entypo-fontello&#8216; av_uid=&#8217;av-6nf0x&#8216; admin_preview_bg=&#8220;]<\/p>\n<p>[av_button label=&#8217;Aktuelle Angebote&#8216; link=&#8217;page,475&#8242; link_target=&#8220; size=&#8217;large&#8216; position=&#8217;center&#8216; label_display=&#8220; icon_select=&#8217;yes-right-icon&#8216; icon_hover=&#8217;aviaTBicon_hover&#8216; icon=&#8217;ue879&#8242; font=&#8217;entypo-fontello&#8216; color=&#8217;theme-color&#8216; custom_bg=&#8217;#444444&#8242; custom_font=&#8217;#ffffff&#8216; av_uid=&#8217;av-d6gfz&#8216; admin_preview_bg=&#8220;]<br \/>\n[\/av_one_full]<\/p>\n<p>[av_section min_height=&#8220; min_height_px=&#8217;500px&#8216; padding=&#8217;small&#8216; shadow=&#8217;no-border-styling&#8216; bottom_border=&#8217;no-border-styling&#8216; bottom_border_diagonal_color=&#8217;#333333&#8242; bottom_border_diagonal_direction=&#8220; bottom_border_style=&#8220; custom_margin=&#8217;0px&#8216; custom_margin_sync=&#8217;true&#8216; custom_arrow_bg=&#8220; id=&#8220; color=&#8217;alternate_color&#8216; background=&#8217;bg_color&#8216; custom_bg=&#8217;#000000&#8242; background_gradient_color1=&#8220; background_gradient_color2=&#8220; background_gradient_direction=&#8217;vertical&#8216; src=&#8220; attachment=&#8220; attachment_size=&#8220; attach=&#8217;fixed&#8216; position=&#8217;center center&#8216; repeat=&#8217;stretch&#8216; video=&#8220; video_ratio=&#8217;16:9&#8242; overlay_enable=&#8217;aviaTBoverlay_enable&#8216; overlay_opacity=&#8217;0.8&#8242; overlay_color=&#8217;#000000&#8242; overlay_pattern=&#8220; overlay_custom_pattern=&#8220; av_element_hidden_in_editor=&#8217;0&#8242; av_uid=&#8217;av-1fw7if&#8216;]<\/p>\n<p>[av_one_full first min_height=&#8220; vertical_alignment=&#8220; space=&#8220; custom_margin=&#8220; margin=&#8217;0px&#8216; padding=&#8217;0px&#8216; border=&#8220; border_color=&#8220; radius=&#8217;0px&#8216; background_color=&#8220; src=&#8220; background_position=&#8217;top left&#8216; background_repeat=&#8217;no-repeat&#8216; animation=&#8220; mobile_display=&#8220; av_uid=&#8217;av-12scmn&#8216;]<\/p>\n<p>[av_heading heading=&#8217;Kontakt&#8216; tag=&#8217;h1&#8242; link_apply=&#8220; link=&#8217;manually,http:\/\/&#8216; link_target=&#8220; style=&#8217;blockquote modern-quote modern-centered&#8216; size=&#8217;50&#8216; subheading_active=&#8220; subheading_size=&#8217;15&#8216; margin=&#8220; padding=&#8217;20&#8216; color=&#8217;custom-color-heading&#8216; custom_font=&#8217;#f7f7f7&#8242; custom_class=&#8220; admin_preview_bg=&#8220; av-desktop-hide=&#8220; av-medium-hide=&#8220; av-small-hide=&#8220; av-mini-hide=&#8220; av-medium-font-size-title=&#8220; av-small-font-size-title=&#8220; av-mini-font-size-title=&#8220; av-medium-font-size=&#8220; av-small-font-size=&#8220; av-mini-font-size=&#8220;][\/av_heading]<\/p>\n<p>[av_textblock size=&#8220; font_color=&#8220; color=&#8220; av-medium-font-size=&#8220; av-small-font-size=&#8220; av-mini-font-size=&#8220; av_uid=&#8217;av-r2fl3&#8242; admin_preview_bg=&#8220;]<\/p>\n<p style=\"text-align: center;\">Elternwerkstatt-Hamburg<br \/>\nKerstin Erl-Hegel<br \/>\nKirchentwiete 29 a<br \/>\n22765 Hamburg<br \/>\nTelefon: 0171 45 93 95 3<\/p>\n<p style=\"text-align: center;\">Ich freue mich sehr mit Ihnen ins Gespr\u00e4ch zu kommen. Gerne k\u00f6nnen Sie mir eine Nachricht mit Ihrem Namen und Ihrer Telefonnummer hinterlassen, ich rufe Sie schnellstm\u00f6glich zur\u00fcck. Oder Sie schicken mir eine Mail, das Kontaktformular finden Sie direkt unter dem Text im Button.<\/p>\n<p>[\/av_textblock]<\/p>\n<p>[av_hr class=&#8217;invisible&#8216; height=&#8217;20&#8216; shadow=&#8217;no-shadow&#8216; position=&#8217;center&#8216; custom_border=&#8217;av-border-thin&#8216; custom_width=&#8217;50px&#8216; custom_border_color=&#8220; custom_margin_top=&#8217;30px&#8216; custom_margin_bottom=&#8217;30px&#8216; icon_select=&#8217;yes&#8216; custom_icon_color=&#8220; icon=&#8217;ue808&#8242; font=&#8217;entypo-fontello&#8216; av_uid=&#8217;av-jwvzb&#8216;]<\/p>\n<p>[av_button label=&#8217;Kontakt&#8216; link=&#8217;page,255&#8242; link_target=&#8220; size=&#8217;large&#8216; position=&#8217;center&#8216; label_display=&#8220; icon_select=&#8217;yes-right-icon&#8216; icon_hover=&#8217;aviaTBicon_hover&#8216; icon=&#8217;ue879&#8242; font=&#8217;entypo-fontello&#8216; color=&#8217;light&#8216; custom_bg=&#8217;#444444&#8242; custom_font=&#8217;#ffffff&#8216; av_uid=&#8217;av-cr1kn&#8216; admin_preview_bg=&#8220;]<\/p>\n<p>[\/av_one_full][\/av_section][av_codeblock wrapper_element=&#8220; wrapper_element_attributes=&#8220; codeblock_type=&#8220; av_uid=&#8217;av-lvl0u2mv&#8216;]<br \/>\n<a style=\"position: fixed; z-index: 20000; top: 180px; right: 0; display: block; text-align: center; opacity: 0.85; background-color: #107aca; color: #ffffff; font-size: 14px; overflow: hidden; width: 100px; border-radius: 4px 0 0 4px; text-decoration: none; padding: 10px; line-height: 1.4;\" href=\"https:\/\/www.doctolib.de\/heilpraktiker-fur-psychotherapie\/hamburg\/kerstin-erl-hegel\" target=\"_blank\" rel=\"noopener noreferrer\"><span style=\"font-size: 14px;\">Termin<br \/>\nonline buchen<\/span><img decoding=\"async\" style=\"height: 15px; margin-top: 10px; vertical-align: middle; width: auto;\" src=\"https:\/\/www.doctolib.de\/external_button\/doctolib-white-transparent.png\" alt=\"Doctolib\" \/><\/a><br \/>\n[\/av_codeblock]<\/p>\n","protected":false},"excerpt":{"rendered":"<p>[av_one_full first min_height=&#8220; vertical_alignment=&#8217;av-align-top&#8216; space=&#8220; margin=&#8217;0px&#8216; margin_sync=&#8217;true&#8216; row_boxshadow_color=&#8220; row_boxshadow_width=&#8217;10&#8216; link=&#8220; linktarget=&#8220; link_hover=&#8220; padding=&#8217;0px&#8216; padding_sync=&#8217;true&#8216; highlight_size=&#8217;1.1&#8242; border=&#8220; border_color=&#8220; radius=&#8217;0px&#8216; radius_sync=&#8217;true&#8216; column_boxshadow_color=&#8220; column_boxshadow_width=&#8217;10&#8216; background=&#8217;bg_color&#8216; background_color=&#8217;#58d3c7&#8242; background_gradient_color1=&#8220; background_gradient_color2=&#8220; background_gradient_direction=&#8217;vertical&#8216; src=&#8220; attachment=&#8220; attachment_size=&#8220; background_position=&#8217;top left&#8216; background_repeat=&#8217;no-repeat&#8216; animation=&#8220; mobile_breaking=&#8220; mobile_display=&#8220; av_uid=&#8217;av-e1vm9&#8242;][\/av_one_full] [av_one_fourth first min_height=&#8220; vertical_alignment=&#8217;av-align-top&#8216; space=&#8220; margin=&#8217;0px&#8216; margin_sync=&#8217;true&#8216; row_boxshadow_color=&#8220; row_boxshadow_width=&#8217;10&#8216; link=&#8220; linktarget=&#8220; link_hover=&#8220; padding=&#8217;0px&#8216; padding_sync=&#8217;true&#8216; highlight_size=&#8217;1.1&#8242; border=&#8220; border_color=&#8220; radius=&#8217;0px&#8216; radius_sync=&#8217;true&#8216; [&hellip;]<\/p>\n","protected":false},"author":1,"featured_media":0,"parent":0,"menu_order":0,"comment_status":"closed","ping_status":"closed","template":"","meta":{"_et_pb_use_builder":"","_et_pb_old_content":"","_et_gb_content_width":"","footnotes":""},"class_list":["post-257","page","type-page","status-publish","hentry"],"_links":{"self":[{"href":"https:\/\/staging.elternwerkstatt-hamburg.de\/index.php?rest_route=\/wp\/v2\/pages\/257","targetHints":{"allow":["GET"]}}],"collection":[{"href":"https:\/\/staging.elternwerkstatt-hamburg.de\/index.php?rest_route=\/wp\/v2\/pages"}],"about":[{"href":"https:\/\/staging.elternwerkstatt-hamburg.de\/index.php?rest_route=\/wp\/v2\/types\/page"}],"author":[{"embeddable":true,"href":"https:\/\/staging.elternwerkstatt-hamburg.de\/index.php?rest_route=\/wp\/v2\/users\/1"}],"replies":[{"embeddable":true,"href":"https:\/\/staging.elternwerkstatt-hamburg.de\/index.php?rest_route=%2Fwp%2Fv2%2Fcomments&post=257"}],"version-history":[{"count":81,"href":"https:\/\/staging.elternwerkstatt-hamburg.de\/index.php?rest_route=\/wp\/v2\/pages\/257\/revisions"}],"predecessor-version":[{"id":1681,"href":"https:\/\/staging.elternwerkstatt-hamburg.de\/index.php?rest_route=\/wp\/v2\/pages\/257\/revisions\/1681"}],"wp:attachment":[{"href":"https:\/\/staging.elternwerkstatt-hamburg.de\/index.php?rest_route=%2Fwp%2Fv2%2Fmedia&parent=257"}],"curies":[{"name":"wp","href":"https:\/\/api.w.org\/{rel}","templated":true}]}}